{"id":9,"date":"2016-02-18T22:42:13","date_gmt":"2016-02-18T21:42:13","guid":{"rendered":"http:\/\/buterhus.nl\/wordpress\/?page_id=9"},"modified":"2019-01-11T14:40:30","modified_gmt":"2019-01-11T13:40:30","slug":"historie-buterhus","status":"publish","type":"page","link":"https:\/\/buterhus.nl\/en\/historie-buterhus\/","title":{"rendered":"historie b\u00fbterh\u00fbs"},"content":{"rendered":"<img loading=\"lazy\" decoding=\"async\" class=\"alignnone wp-image-224\" src=\"http:\/\/buterhus.nl\/wordpress\/wp-content\/uploads\/2016\/02\/pentekening-web-300x213.jpg\" alt=\"pentekening-web\" width=\"810\" height=\"575\" \/><\/p>\n<p><strong>HISTORY OF THE PROPERTY<\/strong><\/p>\n<p>The house was built in 1633 as a place to live and work. It is one of the oldest buildings in the centre of Balk. Around 1800 the Poppes family owns the property. In those days this family was a prominent family who earned their\u00a0 money in the butter trade.\u00a0 From Friesland most of the butter was sold to Britain.<\/p>\n<p>Original parts of the building are the side walls , the supporting beams and the rafters in the roof. Through the years the fa\u00e7ade was adapted to the prevailing fashion of those days and the function of the building. The fa\u00e7ade was originally in renaissance style with a stepped gable. You can still see the remaining stone blocks.<\/p>\n<p>The family Poppes placed a memorial tablet in the fa\u00e7ade which pictures a butter cask, a butter sampler and hammer. Above these pictures is the mark of the Poppes family: 3 triangles.<\/p>\n<p><img loading=\"lazy\" decoding=\"async\" class=\"alignnone size-large wp-image-335\" src=\"http:\/\/buterhus.nl\/wordpress\/wp-content\/uploads\/2016\/02\/z-1024x768.jpg\" alt=\"\" width=\"1024\" height=\"768\" srcset=\"https:\/\/buterhus.nl\/wordpress\/wp-content\/uploads\/2016\/02\/z-1024x768.jpg 1024w, https:\/\/buterhus.nl\/wordpress\/wp-content\/uploads\/2016\/02\/z-300x225.jpg 300w, https:\/\/buterhus.nl\/wordpress\/wp-content\/uploads\/2016\/02\/z-768x576.jpg 768w, https:\/\/buterhus.nl\/wordpress\/wp-content\/uploads\/2016\/02\/z-100x75.jpg 100w, https:\/\/buterhus.nl\/wordpress\/wp-content\/uploads\/2016\/02\/z-881x661.jpg 881w, https:\/\/buterhus.nl\/wordpress\/wp-content\/uploads\/2016\/02\/z-1200x900.jpg 1200w\" sizes=\"auto, (max-width: 1024px) 100vw, 1024px\" \/><\/p>\n<p>Inside the building especially the ceiling joists and (part ) of the roof construction show\u00a0 the time they were built in. The supporting beams are special because of the decoration of oak wood carvings at the end of the beams.<\/p>\n<p>Originally the roof construction was made of round wood rafters with purlins. Over the purlins were rafters before the reconstruction in 1935. At that time the roof construction was probably adjusted and\u00a0 roof wood was applied\u00a0 on the new purlins.<\/p>\n<p>In 1935 the building was converted into a private home. The front door, which used to be in the middle of the fa\u00e7ade, was then replaced to the right. After being used as a private home and a shop the building was used as an amusement arcade and later on as a casino.<\/p>\n<p>The interior still has\u00a0 a few historical items, which originate from various ages. In the attic is an old bed box that dates from the time the house was built. This kind of\u00a0 sleeping facility was often used by household staff.<\/p>\n<p>A second bed box in the attic was originally situated in another part of the building. This wall is richly decorated with wood carving in Rococo style. (18<sup>th<\/sup> century)<\/p>\n<p>The upstairs room still has a wooden ceiling probably from the\u00a0 early 1800\u2019s. Also the paned windows at the back of the building show\u00a0 the Empire style . The standing rod is extra wide.<\/p>\n<p>Drawings of the renovation in 1935","protected":false},"excerpt":{"rendered":"<p>HISTORY OF THE PROPERTY The house was built in 1633 as a place to live and work. It is one of the oldest buildings in the centre of Balk. Around 1800 the Poppes family owns the property. In those days this family was a prominent family who earned their\u00a0 money in the butter trade.\u00a0 From Friesland most of the butter &#8230; <\/p>\n<div><a href=\"https:\/\/buterhus.nl\/en\/historie-buterhus\/\" class=\"more-link\">Read More<\/a><\/div>\n","protected":false},"author":1,"featured_media":0,"parent":0,"menu_order":0,"comment_status":"closed","ping_status":"closed","template":"","meta":{"footnotes":""},"class_list":["post-9","page","type-page","status-publish","hentry","no-post-thumbnail"],"yoast_head":"<!-- This site is optimized with the Yoast SEO plugin v23.8 - https:\/\/yoast.com\/wordpress\/plugins\/seo\/ -->\n<title>historie b\u00fbterh\u00fbs - Buterh\u00fbs<\/title>\n<meta name=\"robots\" content=\"index, follow, max-snippet:-1, max-image-preview:large, max-video-preview:-1\" \/>\n<link rel=\"canonical\" href=\"https:\/\/buterhus.nl\/en\/historie-buterhus\/\" \/>\n<meta property=\"og:locale\" content=\"en_US\" \/>\n<meta property=\"og:type\" content=\"article\" \/>\n<meta property=\"og:title\" content=\"historie b\u00fbterh\u00fbs - Buterh\u00fbs\" \/>\n<meta property=\"og:description\" content=\"HISTORY OF THE PROPERTY The house was built in 1633 as a place to live and work. It is one of the oldest buildings in the centre of Balk. Around 1800 the Poppes family owns the property. In those days this family was a prominent family who earned their\u00a0 money in the butter trade.\u00a0 From Friesland most of the butter ... Read More\" \/>\n<meta property=\"og:url\" content=\"https:\/\/buterhus.nl\/en\/historie-buterhus\/\" \/>\n<meta property=\"og:site_name\" content=\"Buterh\u00fbs\" \/>\n<meta property=\"article:modified_time\" content=\"2019-01-11T13:40:30+00:00\" \/>\n<meta property=\"og:image\" content=\"http:\/\/buterhus.nl\/wordpress\/wp-content\/uploads\/2016\/02\/pentekening-web-e1460065147126.jpg\" \/>\n<meta name=\"twitter:card\" content=\"summary_large_image\" \/>\n<meta name=\"twitter:label1\" content=\"Est. reading time\" \/>\n\t<meta name=\"twitter:data1\" content=\"4 minutes\" \/>\n<script type=\"application\/ld+json\" class=\"yoast-schema-graph\">{\"@context\":\"https:\/\/schema.org\",\"@graph\":[{\"@type\":\"WebPage\",\"@id\":\"https:\/\/buterhus.nl\/en\/historie-buterhus\/\",\"url\":\"https:\/\/buterhus.nl\/en\/historie-buterhus\/\",\"name\":\"historie b\u00fbterh\u00fbs - Buterh\u00fbs\",\"isPartOf\":{\"@id\":\"https:\/\/buterhus.nl\/#website\"},\"primaryImageOfPage\":{\"@id\":\"https:\/\/buterhus.nl\/en\/historie-buterhus\/#primaryimage\"},\"image\":{\"@id\":\"https:\/\/buterhus.nl\/en\/historie-buterhus\/#primaryimage\"},\"thumbnailUrl\":\"http:\/\/buterhus.nl\/wordpress\/wp-content\/uploads\/2016\/02\/pentekening-web-e1460065147126.jpg\",\"datePublished\":\"2016-02-18T21:42:13+00:00\",\"dateModified\":\"2019-01-11T13:40:30+00:00\",\"breadcrumb\":{\"@id\":\"https:\/\/buterhus.nl\/en\/historie-buterhus\/#breadcrumb\"},\"inLanguage\":\"en-US\",\"potentialAction\":[{\"@type\":\"ReadAction\",\"target\":[\"https:\/\/buterhus.nl\/en\/historie-buterhus\/\"]}]},{\"@type\":\"ImageObject\",\"inLanguage\":\"en-US\",\"@id\":\"https:\/\/buterhus.nl\/en\/historie-buterhus\/#primaryimage\",\"url\":\"http:\/\/buterhus.nl\/wordpress\/wp-content\/uploads\/2016\/02\/pentekening-web-e1460065147126.jpg\",\"contentUrl\":\"http:\/\/buterhus.nl\/wordpress\/wp-content\/uploads\/2016\/02\/pentekening-web-e1460065147126.jpg\"},{\"@type\":\"BreadcrumbList\",\"@id\":\"https:\/\/buterhus.nl\/en\/historie-buterhus\/#breadcrumb\",\"itemListElement\":[{\"@type\":\"ListItem\",\"position\":1,\"name\":\"Home\",\"item\":\"https:\/\/buterhus.nl\/\"},{\"@type\":\"ListItem\",\"position\":2,\"name\":\"historie b\u00fbterh\u00fbs\"}]},{\"@type\":\"WebSite\",\"@id\":\"https:\/\/buterhus.nl\/#website\",\"url\":\"https:\/\/buterhus.nl\/\",\"name\":\"Buterh\u00fbs\",\"description\":\"\",\"publisher\":{\"@id\":\"https:\/\/buterhus.nl\/#organization\"},\"potentialAction\":[{\"@type\":\"SearchAction\",\"target\":{\"@type\":\"EntryPoint\",\"urlTemplate\":\"https:\/\/buterhus.nl\/?s={search_term_string}\"},\"query-input\":{\"@type\":\"PropertyValueSpecification\",\"valueRequired\":true,\"valueName\":\"search_term_string\"}}],\"inLanguage\":\"en-US\"},{\"@type\":\"Organization\",\"@id\":\"https:\/\/buterhus.nl\/#organization\",\"name\":\"It B\u00fbterh\u00fbs\",\"url\":\"https:\/\/buterhus.nl\/\",\"logo\":{\"@type\":\"ImageObject\",\"inLanguage\":\"en-US\",\"@id\":\"https:\/\/buterhus.nl\/#\/schema\/logo\/image\/\",\"url\":\"https:\/\/buterhus.nl\/wordpress\/wp-content\/uploads\/2016\/02\/logo-buterhus.jpg\",\"contentUrl\":\"https:\/\/buterhus.nl\/wordpress\/wp-content\/uploads\/2016\/02\/logo-buterhus.jpg\",\"width\":400,\"height\":137,\"caption\":\"It B\u00fbterh\u00fbs\"},\"image\":{\"@id\":\"https:\/\/buterhus.nl\/#\/schema\/logo\/image\/\"}}]}<\/script>\n<!-- \/ Yoast SEO plugin. -->","yoast_head_json":{"title":"historie b\u00fbterh\u00fbs - Buterh\u00fbs","robots":{"index":"index","follow":"follow","max-snippet":"max-snippet:-1","max-image-preview":"max-image-preview:large","max-video-preview":"max-video-preview:-1"},"canonical":"https:\/\/buterhus.nl\/en\/historie-buterhus\/","og_locale":"en_US","og_type":"article","og_title":"historie b\u00fbterh\u00fbs - Buterh\u00fbs","og_description":"HISTORY OF THE PROPERTY The house was built in 1633 as a place to live and work. It is one of the oldest buildings in the centre of Balk. Around 1800 the Poppes family owns the property. In those days this family was a prominent family who earned their\u00a0 money in the butter trade.\u00a0 From Friesland most of the butter ... Read More","og_url":"https:\/\/buterhus.nl\/en\/historie-buterhus\/","og_site_name":"Buterh\u00fbs","article_modified_time":"2019-01-11T13:40:30+00:00","og_image":[{"url":"http:\/\/buterhus.nl\/wordpress\/wp-content\/uploads\/2016\/02\/pentekening-web-e1460065147126.jpg"}],"twitter_card":"summary_large_image","twitter_misc":{"Est. reading time":"4 minutes"},"schema":{"@context":"https:\/\/schema.org","@graph":[{"@type":"WebPage","@id":"https:\/\/buterhus.nl\/en\/historie-buterhus\/","url":"https:\/\/buterhus.nl\/en\/historie-buterhus\/","name":"historie b\u00fbterh\u00fbs - Buterh\u00fbs","isPartOf":{"@id":"https:\/\/buterhus.nl\/#website"},"primaryImageOfPage":{"@id":"https:\/\/buterhus.nl\/en\/historie-buterhus\/#primaryimage"},"image":{"@id":"https:\/\/buterhus.nl\/en\/historie-buterhus\/#primaryimage"},"thumbnailUrl":"http:\/\/buterhus.nl\/wordpress\/wp-content\/uploads\/2016\/02\/pentekening-web-e1460065147126.jpg","datePublished":"2016-02-18T21:42:13+00:00","dateModified":"2019-01-11T13:40:30+00:00","breadcrumb":{"@id":"https:\/\/buterhus.nl\/en\/historie-buterhus\/#breadcrumb"},"inLanguage":"en-US","potentialAction":[{"@type":"ReadAction","target":["https:\/\/buterhus.nl\/en\/historie-buterhus\/"]}]},{"@type":"ImageObject","inLanguage":"en-US","@id":"https:\/\/buterhus.nl\/en\/historie-buterhus\/#primaryimage","url":"http:\/\/buterhus.nl\/wordpress\/wp-content\/uploads\/2016\/02\/pentekening-web-e1460065147126.jpg","contentUrl":"http:\/\/buterhus.nl\/wordpress\/wp-content\/uploads\/2016\/02\/pentekening-web-e1460065147126.jpg"},{"@type":"BreadcrumbList","@id":"https:\/\/buterhus.nl\/en\/historie-buterhus\/#breadcrumb","itemListElement":[{"@type":"ListItem","position":1,"name":"Home","item":"https:\/\/buterhus.nl\/"},{"@type":"ListItem","position":2,"name":"historie b\u00fbterh\u00fbs"}]},{"@type":"WebSite","@id":"https:\/\/buterhus.nl\/#website","url":"https:\/\/buterhus.nl\/","name":"Buterh\u00fbs","description":"","publisher":{"@id":"https:\/\/buterhus.nl\/#organization"},"potentialAction":[{"@type":"SearchAction","target":{"@type":"EntryPoint","urlTemplate":"https:\/\/buterhus.nl\/?s={search_term_string}"},"query-input":{"@type":"PropertyValueSpecification","valueRequired":true,"valueName":"search_term_string"}}],"inLanguage":"en-US"},{"@type":"Organization","@id":"https:\/\/buterhus.nl\/#organization","name":"It B\u00fbterh\u00fbs","url":"https:\/\/buterhus.nl\/","logo":{"@type":"ImageObject","inLanguage":"en-US","@id":"https:\/\/buterhus.nl\/#\/schema\/logo\/image\/","url":"https:\/\/buterhus.nl\/wordpress\/wp-content\/uploads\/2016\/02\/logo-buterhus.jpg","contentUrl":"https:\/\/buterhus.nl\/wordpress\/wp-content\/uploads\/2016\/02\/logo-buterhus.jpg","width":400,"height":137,"caption":"It B\u00fbterh\u00fbs"},"image":{"@id":"https:\/\/buterhus.nl\/#\/schema\/logo\/image\/"}}]}},"_links":{"self":[{"href":"https:\/\/buterhus.nl\/en\/wp-json\/wp\/v2\/pages\/9","targetHints":{"allow":["GET"]}}],"collection":[{"href":"https:\/\/buterhus.nl\/en\/wp-json\/wp\/v2\/pages"}],"about":[{"href":"https:\/\/buterhus.nl\/en\/wp-json\/wp\/v2\/types\/page"}],"author":[{"embeddable":true,"href":"https:\/\/buterhus.nl\/en\/wp-json\/wp\/v2\/users\/1"}],"replies":[{"embeddable":true,"href":"https:\/\/buterhus.nl\/en\/wp-json\/wp\/v2\/comments?post=9"}],"version-history":[{"count":25,"href":"https:\/\/buterhus.nl\/en\/wp-json\/wp\/v2\/pages\/9\/revisions"}],"predecessor-version":[{"id":1239,"href":"https:\/\/buterhus.nl\/en\/wp-json\/wp\/v2\/pages\/9\/revisions\/1239"}],"wp:attachment":[{"href":"https:\/\/buterhus.nl\/en\/wp-json\/wp\/v2\/media?parent=9"}],"curies":[{"name":"wp","href":"https:\/\/api.w.org\/{rel}","templated":true}]}}