{"id":29,"date":"2016-02-18T22:46:03","date_gmt":"2016-02-18T21:46:03","guid":{"rendered":"http:\/\/buterhus.nl\/wordpress\/?page_id=29"},"modified":"2025-12-28T12:59:32","modified_gmt":"2025-12-28T11:59:32","slug":"algemene-voorwaarden","status":"publish","type":"page","link":"https:\/\/buterhus.nl\/en\/algemene-voorwaarden\/","title":{"rendered":"terms and conditions"},"content":{"rendered":"<strong>General conditions for renting apartments in It B\u00fbterh\u00fbs.<\/strong><\/p>\n<ol>\n<li>Pets are not allowed.<\/li>\n<li>Smoking and open fire is prohibited in the apartments.<\/li>\n<li>It is not allowed to receive visitors in the apartments.<\/li>\n<li>Please consider the rest and privacy of other guests.<\/li>\n<li>Clean bed, bath and kitchen linens are available at arrival.<\/li>\n<li>The apartment should be clean when leaving.<\/li>\n<li>Staying in It B\u00fbterh\u00fbs, is at your own risk.<\/li>\n<li>Damage to the apartment and decoration caused during the rental period, will be charged to the renter.<\/li>\n<li>Using the Wi-Fi of It\u00a0B\u00fbterh\u00fbs, is at your own risk.<\/li>\n<li>We recommend you to arrange a cancellation and\/or travel insurance.<\/li>\n<li>When the apartment is available (denoted with a green box) a reservation can be placed by filling in and sending the application form. Your reservation will be definite when your payment has been received.<\/li>\n<\/ol>\n<p>Payment conditions<\/p>\n<ol>\n<li>During the booking, the rental fee and tourist taxes will be charged.<\/li>\n<li>When not showing up, the paid amount will not be refunded.<\/li>\n<li>Free cancellation at least 1 week before arrival date<\/li>\n<\/ol>","protected":false},"excerpt":{"rendered":"<p>General conditions for renting apartments in It B\u00fbterh\u00fbs. Pets are not allowed. Smoking and open fire is prohibited in the apartments. It is not allowed to receive visitors in the apartments. Please consider the rest and privacy of other guests. Clean bed, bath and kitchen linens are available at arrival. The apartment should be clean when leaving. Staying in It &#8230; <\/p>\n<div><a href=\"https:\/\/buterhus.nl\/en\/algemene-voorwaarden\/\" class=\"more-link\">Read More<\/a><\/div>\n","protected":false},"author":1,"featured_media":0,"parent":0,"menu_order":0,"comment_status":"closed","ping_status":"closed","template":"","meta":{"footnotes":""},"class_list":["post-29","page","type-page","status-publish","hentry","no-post-thumbnail"],"yoast_head":"<!-- This site is optimized with the Yoast SEO plugin v23.8 - https:\/\/yoast.com\/wordpress\/plugins\/seo\/ -->\n<title>terms and conditions - Buterh\u00fbs<\/title>\n<meta name=\"robots\" content=\"index, follow, max-snippet:-1, max-image-preview:large, max-video-preview:-1\" \/>\n<link rel=\"canonical\" href=\"https:\/\/buterhus.nl\/algemene-voorwaarden\/\" \/>\n<meta property=\"og:locale\" content=\"en_US\" \/>\n<meta property=\"og:type\" content=\"article\" \/>\n<meta property=\"og:title\" content=\"terms and conditions - Buterh\u00fbs\" \/>\n<meta property=\"og:description\" content=\"General conditions for renting apartments in It B\u00fbterh\u00fbs. Pets are not allowed. Smoking and open fire is prohibited in the apartments. It is not allowed to receive visitors in the apartments. Please consider the rest and privacy of other guests. Clean bed, bath and kitchen linens are available at arrival. The apartment should be clean when leaving. Staying in It ... Read More\" \/>\n<meta property=\"og:url\" content=\"https:\/\/buterhus.nl\/algemene-voorwaarden\/\" \/>\n<meta property=\"og:site_name\" content=\"Buterh\u00fbs\" \/>\n<meta property=\"article:modified_time\" content=\"2025-12-28T11:59:32+00:00\" \/>\n<meta name=\"twitter:card\" content=\"summary_large_image\" \/>\n<meta name=\"twitter:label1\" content=\"Est. reading time\" \/>\n\t<meta name=\"twitter:data1\" content=\"3 minutes\" \/>\n<script type=\"application\/ld+json\" class=\"yoast-schema-graph\">{\"@context\":\"https:\/\/schema.org\",\"@graph\":[{\"@type\":\"WebPage\",\"@id\":\"https:\/\/buterhus.nl\/algemene-voorwaarden\/\",\"url\":\"https:\/\/buterhus.nl\/algemene-voorwaarden\/\",\"name\":\"terms and conditions - Buterh\u00fbs\",\"isPartOf\":{\"@id\":\"https:\/\/buterhus.nl\/#website\"},\"datePublished\":\"2016-02-18T21:46:03+00:00\",\"dateModified\":\"2025-12-28T11:59:32+00:00\",\"breadcrumb\":{\"@id\":\"https:\/\/buterhus.nl\/algemene-voorwaarden\/#breadcrumb\"},\"inLanguage\":\"en-US\",\"potentialAction\":[{\"@type\":\"ReadAction\",\"target\":[\"https:\/\/buterhus.nl\/algemene-voorwaarden\/\"]}]},{\"@type\":\"BreadcrumbList\",\"@id\":\"https:\/\/buterhus.nl\/algemene-voorwaarden\/#breadcrumb\",\"itemListElement\":[{\"@type\":\"ListItem\",\"position\":1,\"name\":\"Home\",\"item\":\"https:\/\/buterhus.nl\/\"},{\"@type\":\"ListItem\",\"position\":2,\"name\":\"algemene voorwaarden\"}]},{\"@type\":\"WebSite\",\"@id\":\"https:\/\/buterhus.nl\/#website\",\"url\":\"https:\/\/buterhus.nl\/\",\"name\":\"Buterh\u00fbs\",\"description\":\"\",\"publisher\":{\"@id\":\"https:\/\/buterhus.nl\/#organization\"},\"potentialAction\":[{\"@type\":\"SearchAction\",\"target\":{\"@type\":\"EntryPoint\",\"urlTemplate\":\"https:\/\/buterhus.nl\/?s={search_term_string}\"},\"query-input\":{\"@type\":\"PropertyValueSpecification\",\"valueRequired\":true,\"valueName\":\"search_term_string\"}}],\"inLanguage\":\"en-US\"},{\"@type\":\"Organization\",\"@id\":\"https:\/\/buterhus.nl\/#organization\",\"name\":\"It B\u00fbterh\u00fbs\",\"url\":\"https:\/\/buterhus.nl\/\",\"logo\":{\"@type\":\"ImageObject\",\"inLanguage\":\"en-US\",\"@id\":\"https:\/\/buterhus.nl\/#\/schema\/logo\/image\/\",\"url\":\"https:\/\/buterhus.nl\/wordpress\/wp-content\/uploads\/2016\/02\/logo-buterhus.jpg\",\"contentUrl\":\"https:\/\/buterhus.nl\/wordpress\/wp-content\/uploads\/2016\/02\/logo-buterhus.jpg\",\"width\":400,\"height\":137,\"caption\":\"It B\u00fbterh\u00fbs\"},\"image\":{\"@id\":\"https:\/\/buterhus.nl\/#\/schema\/logo\/image\/\"}}]}<\/script>\n<!-- \/ Yoast SEO plugin. -->","yoast_head_json":{"title":"terms and conditions - Buterh\u00fbs","robots":{"index":"index","follow":"follow","max-snippet":"max-snippet:-1","max-image-preview":"max-image-preview:large","max-video-preview":"max-video-preview:-1"},"canonical":"https:\/\/buterhus.nl\/algemene-voorwaarden\/","og_locale":"en_US","og_type":"article","og_title":"terms and conditions - Buterh\u00fbs","og_description":"General conditions for renting apartments in It B\u00fbterh\u00fbs. Pets are not allowed. Smoking and open fire is prohibited in the apartments. It is not allowed to receive visitors in the apartments. Please consider the rest and privacy of other guests. Clean bed, bath and kitchen linens are available at arrival. The apartment should be clean when leaving. Staying in It ... Read More","og_url":"https:\/\/buterhus.nl\/algemene-voorwaarden\/","og_site_name":"Buterh\u00fbs","article_modified_time":"2025-12-28T11:59:32+00:00","twitter_card":"summary_large_image","twitter_misc":{"Est. reading time":"3 minutes"},"schema":{"@context":"https:\/\/schema.org","@graph":[{"@type":"WebPage","@id":"https:\/\/buterhus.nl\/algemene-voorwaarden\/","url":"https:\/\/buterhus.nl\/algemene-voorwaarden\/","name":"terms and conditions - Buterh\u00fbs","isPartOf":{"@id":"https:\/\/buterhus.nl\/#website"},"datePublished":"2016-02-18T21:46:03+00:00","dateModified":"2025-12-28T11:59:32+00:00","breadcrumb":{"@id":"https:\/\/buterhus.nl\/algemene-voorwaarden\/#breadcrumb"},"inLanguage":"en-US","potentialAction":[{"@type":"ReadAction","target":["https:\/\/buterhus.nl\/algemene-voorwaarden\/"]}]},{"@type":"BreadcrumbList","@id":"https:\/\/buterhus.nl\/algemene-voorwaarden\/#breadcrumb","itemListElement":[{"@type":"ListItem","position":1,"name":"Home","item":"https:\/\/buterhus.nl\/"},{"@type":"ListItem","position":2,"name":"algemene voorwaarden"}]},{"@type":"WebSite","@id":"https:\/\/buterhus.nl\/#website","url":"https:\/\/buterhus.nl\/","name":"Buterh\u00fbs","description":"","publisher":{"@id":"https:\/\/buterhus.nl\/#organization"},"potentialAction":[{"@type":"SearchAction","target":{"@type":"EntryPoint","urlTemplate":"https:\/\/buterhus.nl\/?s={search_term_string}"},"query-input":{"@type":"PropertyValueSpecification","valueRequired":true,"valueName":"search_term_string"}}],"inLanguage":"en-US"},{"@type":"Organization","@id":"https:\/\/buterhus.nl\/#organization","name":"It B\u00fbterh\u00fbs","url":"https:\/\/buterhus.nl\/","logo":{"@type":"ImageObject","inLanguage":"en-US","@id":"https:\/\/buterhus.nl\/#\/schema\/logo\/image\/","url":"https:\/\/buterhus.nl\/wordpress\/wp-content\/uploads\/2016\/02\/logo-buterhus.jpg","contentUrl":"https:\/\/buterhus.nl\/wordpress\/wp-content\/uploads\/2016\/02\/logo-buterhus.jpg","width":400,"height":137,"caption":"It B\u00fbterh\u00fbs"},"image":{"@id":"https:\/\/buterhus.nl\/#\/schema\/logo\/image\/"}}]}},"_links":{"self":[{"href":"https:\/\/buterhus.nl\/en\/wp-json\/wp\/v2\/pages\/29","targetHints":{"allow":["GET"]}}],"collection":[{"href":"https:\/\/buterhus.nl\/en\/wp-json\/wp\/v2\/pages"}],"about":[{"href":"https:\/\/buterhus.nl\/en\/wp-json\/wp\/v2\/types\/page"}],"author":[{"embeddable":true,"href":"https:\/\/buterhus.nl\/en\/wp-json\/wp\/v2\/users\/1"}],"replies":[{"embeddable":true,"href":"https:\/\/buterhus.nl\/en\/wp-json\/wp\/v2\/comments?post=29"}],"version-history":[{"count":23,"href":"https:\/\/buterhus.nl\/en\/wp-json\/wp\/v2\/pages\/29\/revisions"}],"predecessor-version":[{"id":2348,"href":"https:\/\/buterhus.nl\/en\/wp-json\/wp\/v2\/pages\/29\/revisions\/2348"}],"wp:attachment":[{"href":"https:\/\/buterhus.nl\/en\/wp-json\/wp\/v2\/media?parent=29"}],"curies":[{"name":"wp","href":"https:\/\/api.w.org\/{rel}","templated":true}]}}