{"id":258,"date":"2016-04-09T23:45:38","date_gmt":"2016-04-09T21:45:38","guid":{"rendered":"http:\/\/buterhus.nl\/wordpress\/?page_id=258"},"modified":"2021-11-01T15:30:23","modified_gmt":"2021-11-01T14:30:23","slug":"verkoop","status":"publish","type":"page","link":"https:\/\/buterhus.nl\/en\/verkoop\/","title":{"rendered":"sale"},"content":{"rendered":"\n<p><strong>De winkel in It B\u00fbterh\u00fbs<\/strong><\/p>\n\n\n\n<p>In de winkel van It B\u00fbterh\u00fbs kun je op je gemak rondkijken en genieten van wat je ziet. Een echte cadeauwinkel met voor iedereen iets leuks!<\/p>\n\n\n\n<p><strong>Keramiek<\/strong>&nbsp;uit binnen en buitenland, van ambachtelijke pottenbakkers.\nKommetjes, vaasjes, schalen en diverse tajines.<\/p>\n\n\n\n<p><strong>Sjaals<\/strong>\u00a0in prachtige kleuren en materialen: vilt, wol en katoen.\u00a0 Van vilt zijn er ook grappige babyslofjes en verschillende cadeau\u00a0artikelen. <\/p>\n\n\n\n<p><strong>Swazikaarsen<\/strong>\u00a0zijn er in heel veel kleuren en motiefjes. Je kunt ze als kaars branden maar je kunt er ook een waxinelichtje in zetten, dan heb je extra lang plezier van je kaars.\u00a0<\/p>\n\n\n\n<p><strong>Kaarten<\/strong>, met of zonder envelop, zijn er in grote getale. Getekend met pen\nen inkt, handgeschilderd, met reli\u00ebf en diepte, of juist strak na\u00efef.<\/p>\n\n\n\n<p><strong>Dopper<\/strong>, de bekende waterflessen met dop, zijn er in alle kleuren. Ook zijn er thermo doppers: groot en klein.<\/p>\n\n\n\n<p>En wat te denken van\nhandgemaakte natuurlijke&nbsp;<strong>zeepjes<\/strong>, zakjes aromatische&nbsp;<strong>thee<\/strong>,&nbsp;<strong>servetjes<\/strong>,&nbsp;<strong>sleutelhangers<\/strong>&nbsp;en andere aardigheidjes.&nbsp;<\/p>\n\n\n\n<p>Dan heb ik nog niet eens de\ngevlochten&nbsp;<strong>manden<\/strong>&nbsp;en leren&nbsp;<strong>tassen<\/strong>&nbsp;genoemd.<\/p>\n\n\n\n<p><strong><em>En dat alles FAIR TRADE. <\/em><\/strong><\/p>\n\n\n\n<p><strong><em>De koper en de maker worden gezien en beloond.\u00a0<\/em><\/strong><\/p>\n\n\n\n<p>Kom gerust kijken en kiezen wat\nbij je past. Tijdens het winkelen kun je ook genieten van een <strong>kopje koffie\nof thee met heerlijke zelfgebakken taart<\/strong>: kwark-, appel- of onze\nspecialiteit de bokkenpootjestaart.<\/p>\n\n\n\n<p>In de winkel is ook een&nbsp;<strong>VVV<\/strong>&nbsp;<strong>servicepunt<\/strong>. Heel\nveel informatie voor toeristen en natuurlijk Friese souvenirs.&nbsp;<\/p>\n\n\n\n<p>Van harte welkom, oant sjen!<\/p>\n\n\n\n<p><\/p>\n\n\n\n<p><\/p>\n\n\n\n<p><\/p>\n\n\n\n<figure class=\"wp-block-image size-large\"><img loading=\"lazy\" decoding=\"async\" width=\"1024\" height=\"768\" src=\"https:\/\/buterhus.nl\/wordpress\/wp-content\/uploads\/2021\/11\/winkel-2021-1024x768.jpg\" alt=\"\" class=\"wp-image-1618\" srcset=\"https:\/\/buterhus.nl\/wordpress\/wp-content\/uploads\/2021\/11\/winkel-2021-1024x768.jpg 1024w, https:\/\/buterhus.nl\/wordpress\/wp-content\/uploads\/2021\/11\/winkel-2021-300x225.jpg 300w, https:\/\/buterhus.nl\/wordpress\/wp-content\/uploads\/2021\/11\/winkel-2021-768x576.jpg 768w, https:\/\/buterhus.nl\/wordpress\/wp-content\/uploads\/2021\/11\/winkel-2021-1536x1152.jpg 1536w, https:\/\/buterhus.nl\/wordpress\/wp-content\/uploads\/2021\/11\/winkel-2021-2048x1536.jpg 2048w, https:\/\/buterhus.nl\/wordpress\/wp-content\/uploads\/2021\/11\/winkel-2021-100x75.jpg 100w, https:\/\/buterhus.nl\/wordpress\/wp-content\/uploads\/2021\/11\/winkel-2021-881x661.jpg 881w, https:\/\/buterhus.nl\/wordpress\/wp-content\/uploads\/2021\/11\/winkel-2021-1200x900.jpg 1200w\" sizes=\"auto, (max-width: 1024px) 100vw, 1024px\" \/><\/figure>\n\n\n\n<p> <\/p>\n\n\n\n<figure class=\"wp-block-image size-large\"><img loading=\"lazy\" decoding=\"async\" width=\"1024\" height=\"869\" src=\"https:\/\/buterhus.nl\/wordpress\/wp-content\/uploads\/2020\/12\/IMG-20181030-WA0008-1024x869.jpg\" alt=\"\" class=\"wp-image-1528\" srcset=\"https:\/\/buterhus.nl\/wordpress\/wp-content\/uploads\/2020\/12\/IMG-20181030-WA0008-1024x869.jpg 1024w, https:\/\/buterhus.nl\/wordpress\/wp-content\/uploads\/2020\/12\/IMG-20181030-WA0008-300x255.jpg 300w, https:\/\/buterhus.nl\/wordpress\/wp-content\/uploads\/2020\/12\/IMG-20181030-WA0008-768x652.jpg 768w, https:\/\/buterhus.nl\/wordpress\/wp-content\/uploads\/2020\/12\/IMG-20181030-WA0008-1536x1304.jpg 1536w, https:\/\/buterhus.nl\/wordpress\/wp-content\/uploads\/2020\/12\/IMG-20181030-WA0008-100x85.jpg 100w, https:\/\/buterhus.nl\/wordpress\/wp-content\/uploads\/2020\/12\/IMG-20181030-WA0008-881x748.jpg 881w, https:\/\/buterhus.nl\/wordpress\/wp-content\/uploads\/2020\/12\/IMG-20181030-WA0008-1200x1019.jpg 1200w, https:\/\/buterhus.nl\/wordpress\/wp-content\/uploads\/2020\/12\/IMG-20181030-WA0008.jpg 1600w\" sizes=\"auto, (max-width: 1024px) 100vw, 1024px\" \/><\/figure>\n\n\n\n<p><\/p>\n","protected":false},"excerpt":{"rendered":"<p>De winkel in It B\u00fbterh\u00fbs In de winkel van It B\u00fbterh\u00fbs kun je op je gemak rondkijken en genieten van wat je ziet. Een echte cadeauwinkel met voor iedereen iets leuks! Keramiek&nbsp;uit binnen en buitenland, van ambachtelijke pottenbakkers. Kommetjes, vaasjes, schalen en diverse tajines. Sjaals\u00a0in prachtige kleuren en materialen: vilt, wol en katoen.\u00a0 Van vilt zijn er ook grappige babyslofjes &#8230; <\/p>\n<div><a href=\"https:\/\/buterhus.nl\/en\/verkoop\/\" class=\"more-link\">Read More<\/a><\/div>\n","protected":false},"author":1,"featured_media":0,"parent":0,"menu_order":0,"comment_status":"closed","ping_status":"closed","template":"","meta":{"footnotes":""},"class_list":["post-258","page","type-page","status-publish","hentry","no-post-thumbnail"],"yoast_head":"<!-- This site is optimized with the Yoast SEO plugin v23.8 - https:\/\/yoast.com\/wordpress\/plugins\/seo\/ -->\n<title>sale - Buterh\u00fbs<\/title>\n<meta name=\"robots\" content=\"index, follow, max-snippet:-1, max-image-preview:large, max-video-preview:-1\" \/>\n<link rel=\"canonical\" href=\"https:\/\/buterhus.nl\/verkoop\/\" \/>\n<meta property=\"og:locale\" content=\"en_US\" \/>\n<meta property=\"og:type\" content=\"article\" \/>\n<meta property=\"og:title\" content=\"sale - Buterh\u00fbs\" \/>\n<meta property=\"og:description\" content=\"De winkel in It B\u00fbterh\u00fbs In de winkel van It B\u00fbterh\u00fbs kun je op je gemak rondkijken en genieten van wat je ziet. Een echte cadeauwinkel met voor iedereen iets leuks! Keramiek&nbsp;uit binnen en buitenland, van ambachtelijke pottenbakkers. Kommetjes, vaasjes, schalen en diverse tajines. Sjaals\u00a0in prachtige kleuren en materialen: vilt, wol en katoen.\u00a0 Van vilt zijn er ook grappige babyslofjes ... Read More\" \/>\n<meta property=\"og:url\" content=\"https:\/\/buterhus.nl\/verkoop\/\" \/>\n<meta property=\"og:site_name\" content=\"Buterh\u00fbs\" \/>\n<meta property=\"article:modified_time\" content=\"2021-11-01T14:30:23+00:00\" \/>\n<meta property=\"og:image\" content=\"https:\/\/buterhus.nl\/wordpress\/wp-content\/uploads\/2021\/11\/winkel-2021-1024x768.jpg\" \/>\n<meta name=\"twitter:card\" content=\"summary_large_image\" \/>\n<meta name=\"twitter:label1\" content=\"Est. reading time\" \/>\n\t<meta name=\"twitter:data1\" content=\"1 minute\" \/>\n<script type=\"application\/ld+json\" class=\"yoast-schema-graph\">{\"@context\":\"https:\/\/schema.org\",\"@graph\":[{\"@type\":\"WebPage\",\"@id\":\"https:\/\/buterhus.nl\/verkoop\/\",\"url\":\"https:\/\/buterhus.nl\/verkoop\/\",\"name\":\"sale - Buterh\u00fbs\",\"isPartOf\":{\"@id\":\"https:\/\/buterhus.nl\/#website\"},\"primaryImageOfPage\":{\"@id\":\"https:\/\/buterhus.nl\/verkoop\/#primaryimage\"},\"image\":{\"@id\":\"https:\/\/buterhus.nl\/verkoop\/#primaryimage\"},\"thumbnailUrl\":\"https:\/\/buterhus.nl\/wordpress\/wp-content\/uploads\/2021\/11\/winkel-2021-1024x768.jpg\",\"datePublished\":\"2016-04-09T21:45:38+00:00\",\"dateModified\":\"2021-11-01T14:30:23+00:00\",\"breadcrumb\":{\"@id\":\"https:\/\/buterhus.nl\/verkoop\/#breadcrumb\"},\"inLanguage\":\"en-US\",\"potentialAction\":[{\"@type\":\"ReadAction\",\"target\":[\"https:\/\/buterhus.nl\/verkoop\/\"]}]},{\"@type\":\"ImageObject\",\"inLanguage\":\"en-US\",\"@id\":\"https:\/\/buterhus.nl\/verkoop\/#primaryimage\",\"url\":\"https:\/\/buterhus.nl\/wordpress\/wp-content\/uploads\/2021\/11\/winkel-2021-1024x768.jpg\",\"contentUrl\":\"https:\/\/buterhus.nl\/wordpress\/wp-content\/uploads\/2021\/11\/winkel-2021-1024x768.jpg\"},{\"@type\":\"BreadcrumbList\",\"@id\":\"https:\/\/buterhus.nl\/verkoop\/#breadcrumb\",\"itemListElement\":[{\"@type\":\"ListItem\",\"position\":1,\"name\":\"Home\",\"item\":\"https:\/\/buterhus.nl\/\"},{\"@type\":\"ListItem\",\"position\":2,\"name\":\"winkel\"}]},{\"@type\":\"WebSite\",\"@id\":\"https:\/\/buterhus.nl\/#website\",\"url\":\"https:\/\/buterhus.nl\/\",\"name\":\"Buterh\u00fbs\",\"description\":\"\",\"publisher\":{\"@id\":\"https:\/\/buterhus.nl\/#organization\"},\"potentialAction\":[{\"@type\":\"SearchAction\",\"target\":{\"@type\":\"EntryPoint\",\"urlTemplate\":\"https:\/\/buterhus.nl\/?s={search_term_string}\"},\"query-input\":{\"@type\":\"PropertyValueSpecification\",\"valueRequired\":true,\"valueName\":\"search_term_string\"}}],\"inLanguage\":\"en-US\"},{\"@type\":\"Organization\",\"@id\":\"https:\/\/buterhus.nl\/#organization\",\"name\":\"It B\u00fbterh\u00fbs\",\"url\":\"https:\/\/buterhus.nl\/\",\"logo\":{\"@type\":\"ImageObject\",\"inLanguage\":\"en-US\",\"@id\":\"https:\/\/buterhus.nl\/#\/schema\/logo\/image\/\",\"url\":\"https:\/\/buterhus.nl\/wordpress\/wp-content\/uploads\/2016\/02\/logo-buterhus.jpg\",\"contentUrl\":\"https:\/\/buterhus.nl\/wordpress\/wp-content\/uploads\/2016\/02\/logo-buterhus.jpg\",\"width\":400,\"height\":137,\"caption\":\"It B\u00fbterh\u00fbs\"},\"image\":{\"@id\":\"https:\/\/buterhus.nl\/#\/schema\/logo\/image\/\"}}]}<\/script>\n<!-- \/ Yoast SEO plugin. -->","yoast_head_json":{"title":"sale - Buterh\u00fbs","robots":{"index":"index","follow":"follow","max-snippet":"max-snippet:-1","max-image-preview":"max-image-preview:large","max-video-preview":"max-video-preview:-1"},"canonical":"https:\/\/buterhus.nl\/verkoop\/","og_locale":"en_US","og_type":"article","og_title":"sale - Buterh\u00fbs","og_description":"De winkel in It B\u00fbterh\u00fbs In de winkel van It B\u00fbterh\u00fbs kun je op je gemak rondkijken en genieten van wat je ziet. Een echte cadeauwinkel met voor iedereen iets leuks! Keramiek&nbsp;uit binnen en buitenland, van ambachtelijke pottenbakkers. Kommetjes, vaasjes, schalen en diverse tajines. Sjaals\u00a0in prachtige kleuren en materialen: vilt, wol en katoen.\u00a0 Van vilt zijn er ook grappige babyslofjes ... Read More","og_url":"https:\/\/buterhus.nl\/verkoop\/","og_site_name":"Buterh\u00fbs","article_modified_time":"2021-11-01T14:30:23+00:00","og_image":[{"url":"https:\/\/buterhus.nl\/wordpress\/wp-content\/uploads\/2021\/11\/winkel-2021-1024x768.jpg"}],"twitter_card":"summary_large_image","twitter_misc":{"Est. reading time":"1 minute"},"schema":{"@context":"https:\/\/schema.org","@graph":[{"@type":"WebPage","@id":"https:\/\/buterhus.nl\/verkoop\/","url":"https:\/\/buterhus.nl\/verkoop\/","name":"sale - Buterh\u00fbs","isPartOf":{"@id":"https:\/\/buterhus.nl\/#website"},"primaryImageOfPage":{"@id":"https:\/\/buterhus.nl\/verkoop\/#primaryimage"},"image":{"@id":"https:\/\/buterhus.nl\/verkoop\/#primaryimage"},"thumbnailUrl":"https:\/\/buterhus.nl\/wordpress\/wp-content\/uploads\/2021\/11\/winkel-2021-1024x768.jpg","datePublished":"2016-04-09T21:45:38+00:00","dateModified":"2021-11-01T14:30:23+00:00","breadcrumb":{"@id":"https:\/\/buterhus.nl\/verkoop\/#breadcrumb"},"inLanguage":"en-US","potentialAction":[{"@type":"ReadAction","target":["https:\/\/buterhus.nl\/verkoop\/"]}]},{"@type":"ImageObject","inLanguage":"en-US","@id":"https:\/\/buterhus.nl\/verkoop\/#primaryimage","url":"https:\/\/buterhus.nl\/wordpress\/wp-content\/uploads\/2021\/11\/winkel-2021-1024x768.jpg","contentUrl":"https:\/\/buterhus.nl\/wordpress\/wp-content\/uploads\/2021\/11\/winkel-2021-1024x768.jpg"},{"@type":"BreadcrumbList","@id":"https:\/\/buterhus.nl\/verkoop\/#breadcrumb","itemListElement":[{"@type":"ListItem","position":1,"name":"Home","item":"https:\/\/buterhus.nl\/"},{"@type":"ListItem","position":2,"name":"winkel"}]},{"@type":"WebSite","@id":"https:\/\/buterhus.nl\/#website","url":"https:\/\/buterhus.nl\/","name":"Buterh\u00fbs","description":"","publisher":{"@id":"https:\/\/buterhus.nl\/#organization"},"potentialAction":[{"@type":"SearchAction","target":{"@type":"EntryPoint","urlTemplate":"https:\/\/buterhus.nl\/?s={search_term_string}"},"query-input":{"@type":"PropertyValueSpecification","valueRequired":true,"valueName":"search_term_string"}}],"inLanguage":"en-US"},{"@type":"Organization","@id":"https:\/\/buterhus.nl\/#organization","name":"It B\u00fbterh\u00fbs","url":"https:\/\/buterhus.nl\/","logo":{"@type":"ImageObject","inLanguage":"en-US","@id":"https:\/\/buterhus.nl\/#\/schema\/logo\/image\/","url":"https:\/\/buterhus.nl\/wordpress\/wp-content\/uploads\/2016\/02\/logo-buterhus.jpg","contentUrl":"https:\/\/buterhus.nl\/wordpress\/wp-content\/uploads\/2016\/02\/logo-buterhus.jpg","width":400,"height":137,"caption":"It B\u00fbterh\u00fbs"},"image":{"@id":"https:\/\/buterhus.nl\/#\/schema\/logo\/image\/"}}]}},"_links":{"self":[{"href":"https:\/\/buterhus.nl\/en\/wp-json\/wp\/v2\/pages\/258","targetHints":{"allow":["GET"]}}],"collection":[{"href":"https:\/\/buterhus.nl\/en\/wp-json\/wp\/v2\/pages"}],"about":[{"href":"https:\/\/buterhus.nl\/en\/wp-json\/wp\/v2\/types\/page"}],"author":[{"embeddable":true,"href":"https:\/\/buterhus.nl\/en\/wp-json\/wp\/v2\/users\/1"}],"replies":[{"embeddable":true,"href":"https:\/\/buterhus.nl\/en\/wp-json\/wp\/v2\/comments?post=258"}],"version-history":[{"count":11,"href":"https:\/\/buterhus.nl\/en\/wp-json\/wp\/v2\/pages\/258\/revisions"}],"predecessor-version":[{"id":1619,"href":"https:\/\/buterhus.nl\/en\/wp-json\/wp\/v2\/pages\/258\/revisions\/1619"}],"wp:attachment":[{"href":"https:\/\/buterhus.nl\/en\/wp-json\/wp\/v2\/media?parent=258"}],"curies":[{"name":"wp","href":"https:\/\/api.w.org\/{rel}","templated":true}]}}