{"id":86,"date":"2016-02-20T18:01:13","date_gmt":"2016-02-20T17:01:13","guid":{"rendered":"http:\/\/buterhus.nl\/wordpress\/?page_id=86"},"modified":"2023-10-29T14:05:12","modified_gmt":"2023-10-29T13:05:12","slug":"logeren","status":"publish","type":"page","link":"https:\/\/buterhus.nl\/de\/logeren\/","title":{"rendered":"\u00fcbernachten"},"content":{"rendered":"<strong>Unterkunft<\/strong><br>Die drei Ferienwohnungen befinden sich in den oberen Stockwerken eines umgebauten historischen Hauses inmitten einer gem\u00fctlichen Einkaufsstra\u00dfe im lebendigen Dorf Balk an der Luts.<\/p>\n<p style=\"text-align: left\"><strong>Ausstattung<\/strong><br>Eigenes Badezimmer mit Toilette, Waschbecken und Dusche.<br>Kochgelegenheit mit Wasserkocher, Kaffeemaschine, K\u00fchlschrank und Induktionsherd und Mikrowelle (Apartment 1 hat keinen Kochherd und Mikrowelle ).<br>Fernseher und WLAN<\/p>\n<p><strong>Optionen<\/strong><br>Zus\u00e4tzliches Set Handt\u00fccher (auf Anfrage) \u20ac5,-<br>Zus\u00e4tzliches Set K\u00fcchent\u00fccher (auf Anfrage) \u20ac5,-<\/p>\n<p>Haustiere sind nicht gestattet.<br>Rauchen und offenes Feuer ist nicht gestattet.<\/p>\n<p>Suchen Sie eine Unterkunft f\u00fcr eine Gruppe von maximal 6 Erwachsenen, dann informieren Sie sich bitte bei uns \u00fcber die M\u00f6glichkeiten alle 3 Apartments zu reservieren.<br>Die Apartments befinden sich im ersten und zweiten Stockwerk eines historischen Geb\u00e4udes.<\/p>\n<p>\u00dcbersicht der zu mietenden Apartments:<br>Studio 1 &gt;De Opkamer \u2013 ZON \u2013 Zu mieten pro Tag.<br>Studio 2 &gt;De Tussenkamer \u2013 WATER&nbsp;\u2013 Zu mieten minimum zwei N\u00e4chte.<br>Studio 3 &gt;De Bedstee-kamer \u2013 BOS&nbsp;\u2013 Zu mieten minimum zwei N\u00e4chte.<\/p>\n<p>Allgemeine Gesch\u00e4ftsb<em>edingungen<\/em><\/strong>\n\n\n\n<p><\/p>","protected":false},"excerpt":{"rendered":"<p>UnterkunftDie drei Ferienwohnungen befinden sich in den oberen Stockwerken eines umgebauten historischen Hauses inmitten einer gem\u00fctlichen Einkaufsstra\u00dfe im lebendigen Dorf Balk an der Luts. AusstattungEigenes Badezimmer mit Toilette, Waschbecken und Dusche.Kochgelegenheit mit Wasserkocher, Kaffeemaschine, K\u00fchlschrank und Induktionsherd und Mikrowelle (Apartment 1 hat keinen Kochherd und Mikrowelle ).Fernseher und WLAN OptionenZus\u00e4tzliches Set Handt\u00fccher (auf Anfrage) \u20ac5,-Zus\u00e4tzliches Set K\u00fcchent\u00fccher (auf Anfrage) \u20ac5,- &#8230; <\/p>\n<div><a href=\"https:\/\/buterhus.nl\/de\/logeren\/\" class=\"more-link\">Read More<\/a><\/div>\n","protected":false},"author":1,"featured_media":0,"parent":0,"menu_order":0,"comment_status":"closed","ping_status":"closed","template":"","meta":{"footnotes":""},"class_list":["post-86","page","type-page","status-publish","hentry","no-post-thumbnail"],"yoast_head":"<!-- This site is optimized with the Yoast SEO plugin v23.8 - https:\/\/yoast.com\/wordpress\/plugins\/seo\/ -->\n<title>\u00fcbernachten - Buterh\u00fbs<\/title>\n<meta name=\"robots\" content=\"index, follow, max-snippet:-1, max-image-preview:large, max-video-preview:-1\" \/>\n<link rel=\"canonical\" href=\"https:\/\/buterhus.nl\/logeren\/\" \/>\n<meta property=\"og:locale\" content=\"de_DE\" \/>\n<meta property=\"og:type\" content=\"article\" \/>\n<meta property=\"og:title\" content=\"\u00fcbernachten - Buterh\u00fbs\" \/>\n<meta property=\"og:description\" content=\"UnterkunftDie drei Ferienwohnungen befinden sich in den oberen Stockwerken eines umgebauten historischen Hauses inmitten einer gem\u00fctlichen Einkaufsstra\u00dfe im lebendigen Dorf Balk an der Luts. AusstattungEigenes Badezimmer mit Toilette, Waschbecken und Dusche.Kochgelegenheit mit Wasserkocher, Kaffeemaschine, K\u00fchlschrank und Induktionsherd und Mikrowelle (Apartment 1 hat keinen Kochherd und Mikrowelle ).Fernseher und WLAN OptionenZus\u00e4tzliches Set Handt\u00fccher (auf Anfrage) \u20ac5,-Zus\u00e4tzliches Set K\u00fcchent\u00fccher (auf Anfrage) \u20ac5,- ... Read More\" \/>\n<meta property=\"og:url\" content=\"https:\/\/buterhus.nl\/logeren\/\" \/>\n<meta property=\"og:site_name\" content=\"Buterh\u00fbs\" \/>\n<meta property=\"article:modified_time\" content=\"2023-10-29T13:05:12+00:00\" \/>\n<meta name=\"twitter:card\" content=\"summary_large_image\" \/>\n<meta name=\"twitter:label1\" content=\"Gesch\u00e4tzte Lesezeit\" \/>\n\t<meta name=\"twitter:data1\" content=\"3\u00a0Minuten\" \/>\n<script type=\"application\/ld+json\" class=\"yoast-schema-graph\">{\"@context\":\"https:\/\/schema.org\",\"@graph\":[{\"@type\":\"WebPage\",\"@id\":\"https:\/\/buterhus.nl\/logeren\/\",\"url\":\"https:\/\/buterhus.nl\/logeren\/\",\"name\":\"\u00fcbernachten - Buterh\u00fbs\",\"isPartOf\":{\"@id\":\"https:\/\/buterhus.nl\/#website\"},\"datePublished\":\"2016-02-20T17:01:13+00:00\",\"dateModified\":\"2023-10-29T13:05:12+00:00\",\"breadcrumb\":{\"@id\":\"https:\/\/buterhus.nl\/logeren\/#breadcrumb\"},\"inLanguage\":\"de\",\"potentialAction\":[{\"@type\":\"ReadAction\",\"target\":[\"https:\/\/buterhus.nl\/logeren\/\"]}]},{\"@type\":\"BreadcrumbList\",\"@id\":\"https:\/\/buterhus.nl\/logeren\/#breadcrumb\",\"itemListElement\":[{\"@type\":\"ListItem\",\"position\":1,\"name\":\"Home\",\"item\":\"https:\/\/buterhus.nl\/\"},{\"@type\":\"ListItem\",\"position\":2,\"name\":\"logeren\"}]},{\"@type\":\"WebSite\",\"@id\":\"https:\/\/buterhus.nl\/#website\",\"url\":\"https:\/\/buterhus.nl\/\",\"name\":\"Buterh\u00fbs\",\"description\":\"\",\"publisher\":{\"@id\":\"https:\/\/buterhus.nl\/#organization\"},\"potentialAction\":[{\"@type\":\"SearchAction\",\"target\":{\"@type\":\"EntryPoint\",\"urlTemplate\":\"https:\/\/buterhus.nl\/?s={search_term_string}\"},\"query-input\":{\"@type\":\"PropertyValueSpecification\",\"valueRequired\":true,\"valueName\":\"search_term_string\"}}],\"inLanguage\":\"de\"},{\"@type\":\"Organization\",\"@id\":\"https:\/\/buterhus.nl\/#organization\",\"name\":\"It B\u00fbterh\u00fbs\",\"url\":\"https:\/\/buterhus.nl\/\",\"logo\":{\"@type\":\"ImageObject\",\"inLanguage\":\"de\",\"@id\":\"https:\/\/buterhus.nl\/#\/schema\/logo\/image\/\",\"url\":\"https:\/\/buterhus.nl\/wordpress\/wp-content\/uploads\/2016\/02\/logo-buterhus.jpg\",\"contentUrl\":\"https:\/\/buterhus.nl\/wordpress\/wp-content\/uploads\/2016\/02\/logo-buterhus.jpg\",\"width\":400,\"height\":137,\"caption\":\"It B\u00fbterh\u00fbs\"},\"image\":{\"@id\":\"https:\/\/buterhus.nl\/#\/schema\/logo\/image\/\"}}]}<\/script>\n<!-- \/ Yoast SEO plugin. -->","yoast_head_json":{"title":"\u00fcbernachten - Buterh\u00fbs","robots":{"index":"index","follow":"follow","max-snippet":"max-snippet:-1","max-image-preview":"max-image-preview:large","max-video-preview":"max-video-preview:-1"},"canonical":"https:\/\/buterhus.nl\/logeren\/","og_locale":"de_DE","og_type":"article","og_title":"\u00fcbernachten - Buterh\u00fbs","og_description":"UnterkunftDie drei Ferienwohnungen befinden sich in den oberen Stockwerken eines umgebauten historischen Hauses inmitten einer gem\u00fctlichen Einkaufsstra\u00dfe im lebendigen Dorf Balk an der Luts. AusstattungEigenes Badezimmer mit Toilette, Waschbecken und Dusche.Kochgelegenheit mit Wasserkocher, Kaffeemaschine, K\u00fchlschrank und Induktionsherd und Mikrowelle (Apartment 1 hat keinen Kochherd und Mikrowelle ).Fernseher und WLAN OptionenZus\u00e4tzliches Set Handt\u00fccher (auf Anfrage) \u20ac5,-Zus\u00e4tzliches Set K\u00fcchent\u00fccher (auf Anfrage) \u20ac5,- ... Read More","og_url":"https:\/\/buterhus.nl\/logeren\/","og_site_name":"Buterh\u00fbs","article_modified_time":"2023-10-29T13:05:12+00:00","twitter_card":"summary_large_image","twitter_misc":{"Gesch\u00e4tzte Lesezeit":"3\u00a0Minuten"},"schema":{"@context":"https:\/\/schema.org","@graph":[{"@type":"WebPage","@id":"https:\/\/buterhus.nl\/logeren\/","url":"https:\/\/buterhus.nl\/logeren\/","name":"\u00fcbernachten - Buterh\u00fbs","isPartOf":{"@id":"https:\/\/buterhus.nl\/#website"},"datePublished":"2016-02-20T17:01:13+00:00","dateModified":"2023-10-29T13:05:12+00:00","breadcrumb":{"@id":"https:\/\/buterhus.nl\/logeren\/#breadcrumb"},"inLanguage":"de","potentialAction":[{"@type":"ReadAction","target":["https:\/\/buterhus.nl\/logeren\/"]}]},{"@type":"BreadcrumbList","@id":"https:\/\/buterhus.nl\/logeren\/#breadcrumb","itemListElement":[{"@type":"ListItem","position":1,"name":"Home","item":"https:\/\/buterhus.nl\/"},{"@type":"ListItem","position":2,"name":"logeren"}]},{"@type":"WebSite","@id":"https:\/\/buterhus.nl\/#website","url":"https:\/\/buterhus.nl\/","name":"Buterh\u00fbs","description":"","publisher":{"@id":"https:\/\/buterhus.nl\/#organization"},"potentialAction":[{"@type":"SearchAction","target":{"@type":"EntryPoint","urlTemplate":"https:\/\/buterhus.nl\/?s={search_term_string}"},"query-input":{"@type":"PropertyValueSpecification","valueRequired":true,"valueName":"search_term_string"}}],"inLanguage":"de"},{"@type":"Organization","@id":"https:\/\/buterhus.nl\/#organization","name":"It B\u00fbterh\u00fbs","url":"https:\/\/buterhus.nl\/","logo":{"@type":"ImageObject","inLanguage":"de","@id":"https:\/\/buterhus.nl\/#\/schema\/logo\/image\/","url":"https:\/\/buterhus.nl\/wordpress\/wp-content\/uploads\/2016\/02\/logo-buterhus.jpg","contentUrl":"https:\/\/buterhus.nl\/wordpress\/wp-content\/uploads\/2016\/02\/logo-buterhus.jpg","width":400,"height":137,"caption":"It B\u00fbterh\u00fbs"},"image":{"@id":"https:\/\/buterhus.nl\/#\/schema\/logo\/image\/"}}]}},"_links":{"self":[{"href":"https:\/\/buterhus.nl\/de\/wp-json\/wp\/v2\/pages\/86","targetHints":{"allow":["GET"]}}],"collection":[{"href":"https:\/\/buterhus.nl\/de\/wp-json\/wp\/v2\/pages"}],"about":[{"href":"https:\/\/buterhus.nl\/de\/wp-json\/wp\/v2\/types\/page"}],"author":[{"embeddable":true,"href":"https:\/\/buterhus.nl\/de\/wp-json\/wp\/v2\/users\/1"}],"replies":[{"embeddable":true,"href":"https:\/\/buterhus.nl\/de\/wp-json\/wp\/v2\/comments?post=86"}],"version-history":[{"count":33,"href":"https:\/\/buterhus.nl\/de\/wp-json\/wp\/v2\/pages\/86\/revisions"}],"predecessor-version":[{"id":2038,"href":"https:\/\/buterhus.nl\/de\/wp-json\/wp\/v2\/pages\/86\/revisions\/2038"}],"wp:attachment":[{"href":"https:\/\/buterhus.nl\/de\/wp-json\/wp\/v2\/media?parent=86"}],"curies":[{"name":"wp","href":"https:\/\/api.w.org\/{rel}","templated":true}]}}