{"id":5,"date":"2016-02-18T22:40:56","date_gmt":"2016-02-18T21:40:56","guid":{"rendered":"http:\/\/buterhus.nl\/wordpress\/?page_id=5"},"modified":"2024-11-15T10:13:29","modified_gmt":"2024-11-15T09:13:29","slug":"home","status":"publish","type":"page","link":"https:\/\/buterhus.nl\/de\/","title":{"rendered":"home"},"content":{"rendered":"<p style=\"line-height: 16.6pt;margin: 0cm 0cm 15.75pt;text-align: left;background: white\"><span lang=\"DE\" style=\"font-size: 10.0pt;color: #777777;background: white\">Willkommen auf der Website von It B\u00fbterh\u00fbs!<img loading=\"lazy\" decoding=\"async\" class=\"wp-image-1186 alignright\" src=\"http:\/\/buterhus.nl\/wordpress\/wp-content\/uploads\/2018\/10\/buterhus-kopie.jpg\" alt=\"\" width=\"363\" height=\"405\" srcset=\"https:\/\/buterhus.nl\/wordpress\/wp-content\/uploads\/2018\/10\/buterhus-kopie.jpg 826w, https:\/\/buterhus.nl\/wordpress\/wp-content\/uploads\/2018\/10\/buterhus-kopie-269x300.jpg 269w, https:\/\/buterhus.nl\/wordpress\/wp-content\/uploads\/2018\/10\/buterhus-kopie-768x857.jpg 768w, https:\/\/buterhus.nl\/wordpress\/wp-content\/uploads\/2018\/10\/buterhus-kopie-100x112.jpg 100w\" sizes=\"auto, (max-width: 363px) 100vw, 363px\" \/><\/span><\/p>\n<p style=\"line-height: 16.6pt;margin: 0cm 0cm 15.75pt;text-align: left;background: white\"><span lang=\"DE\" style=\"font-size: 10.0pt;color: #777777\">Bei uns k\u00f6nnen Sie in einem restaurierten Monument aus dem Jahre 1633 \u00fcbernachten. In einer gelungenen Kombination von Alt und Neu sind drei ganz besondere <u>Apartments<\/u> entstanden. Jedes Apartment hat sehr authentische Details aus fr\u00fcherer Zeit. Die Einrichtung ist schlicht, aber stilvoll und aus vorwiegend nat\u00fcrlichen Materialien zusammengestellt. Das Ergebnis ist eine nat\u00fcrliche Sch\u00f6nheit, ausgewogen in Material, Farbe und Design. <\/span><\/p>\n<p style=\"line-height: 16.6pt;margin: 0cm 0cm 15.75pt;text-align: left;background: white\"><span lang=\"DE\" style=\"font-size: 10.0pt;color: #777777\">Der Name It B\u00fbterh\u00fbs (das Butterhaus) r\u00fchrt von der Geschichte des Hauses, nicht zuletzt auch weil Balk durch den Butterhandel das heutige Balk geworden ist. Das friesische Dorf an der Luts ist bekannt von der 11-St\u00e4tde-Tour, die legend\u00e4re friesische Eislaufroute auf Natureis. Das lebendige Balk mit seinen vielen Aktivit\u00e4ten und Erholungsangeboten hat alles um Ihnen einen angenehmen Aufenthalt zu bieten: Wasser, Wald und eine herrliche Landschaft. <\/span><\/p>\n<p style=\"line-height: 16.6pt;margin: 0cm 0cm 15.75pt;text-align: left;background: white\"><span lang=\"DE\" style=\"font-size: 10.0pt;color: #777777\">Bei uns k\u00f6nnen Sie in diesem Sommer eine sch\u00f6ne Tasse Kaffee, Tee und anderes genie\u00dfen. It B\u00fbterh\u00fbs ist eine Arbeits- und Besch\u00e4ftigungsst\u00e4tte f\u00fcr Menschen mit Behinderung.<\/span><\/p>\n<p style=\"line-height: 16.6pt;margin: 0cm 0cm 15.75pt;text-align: left;background: white\"><span lang=\"DE\" style=\"font-size: 10.0pt;color: #777777\"><img loading=\"lazy\" decoding=\"async\" class=\"alignnone wp-image-1018\" src=\"http:\/\/buterhus.nl\/wordpress\/wp-content\/uploads\/2016\/02\/x-2-1024x577.jpg\" alt=\"\" width=\"711\" height=\"401\" srcset=\"https:\/\/buterhus.nl\/wordpress\/wp-content\/uploads\/2016\/02\/x-2-1024x577.jpg 1024w, https:\/\/buterhus.nl\/wordpress\/wp-content\/uploads\/2016\/02\/x-2-300x169.jpg 300w, https:\/\/buterhus.nl\/wordpress\/wp-content\/uploads\/2016\/02\/x-2-768x433.jpg 768w, https:\/\/buterhus.nl\/wordpress\/wp-content\/uploads\/2016\/02\/x-2-100x56.jpg 100w, https:\/\/buterhus.nl\/wordpress\/wp-content\/uploads\/2016\/02\/x-2-881x496.jpg 881w, https:\/\/buterhus.nl\/wordpress\/wp-content\/uploads\/2016\/02\/x-2-1200x676.jpg 1200w\" sizes=\"auto, (max-width: 711px) 100vw, 711px\" \/> <\/span><\/p>\n<p style=\"line-height: 16.6pt;margin: 0cm 0cm 15.75pt;text-align: left;background: white\"><span lang=\"DE\" style=\"font-size: 10.0pt;color: #777777\">It B\u00fbterh\u00fbs wird mit Mitarbeitern der Stichting Maeykehiem zusammenarbeiten.<\/span><\/p>\n<p style=\"line-height: 16.6pt;background: white;margin: 0cm 0cm 15.75pt 0cm\"><span lang=\"DE\" style=\"font-size: 10.0pt;color: #777777\">Sind Sie neugierig geworden und w\u00fcnschen Sie mehr Informationen?<\/span><\/p>\n<p style=\"line-height: 16.6pt;background: white;margin: 0cm 0cm 15.75pt 0cm\"><span lang=\"DE\" style=\"font-size: 10.0pt;color: #777777\">Schreiben Sie uns eine E-Mail oder rufen Sie uns an unter Tel. 0031 (0)6-12865018.<\/span><\/p>","protected":false},"excerpt":{"rendered":"<p>Willkommen auf der Website von It B\u00fbterh\u00fbs! Bei uns k\u00f6nnen Sie in einem restaurierten Monument aus dem Jahre 1633 \u00fcbernachten. In einer gelungenen Kombination von Alt und Neu sind drei ganz besondere Apartments entstanden. Jedes Apartment hat sehr authentische Details aus fr\u00fcherer Zeit. Die Einrichtung ist schlicht, aber stilvoll und aus vorwiegend nat\u00fcrlichen Materialien zusammengestellt. Das Ergebnis ist eine nat\u00fcrliche &#8230; <\/p>\n<div><a href=\"https:\/\/buterhus.nl\/de\/\" class=\"more-link\">Read More<\/a><\/div>\n","protected":false},"author":1,"featured_media":0,"parent":0,"menu_order":0,"comment_status":"closed","ping_status":"closed","template":"","meta":{"footnotes":""},"class_list":["post-5","page","type-page","status-publish","hentry","no-post-thumbnail"],"yoast_head":"<!-- This site is optimized with the Yoast SEO plugin v23.8 - https:\/\/yoast.com\/wordpress\/plugins\/seo\/ -->\n<title>home - Buterh\u00fbs<\/title>\n<meta name=\"robots\" content=\"index, follow, max-snippet:-1, max-image-preview:large, max-video-preview:-1\" \/>\n<link rel=\"canonical\" href=\"https:\/\/buterhus.nl\/\" \/>\n<meta property=\"og:locale\" content=\"de_DE\" \/>\n<meta property=\"og:type\" content=\"article\" \/>\n<meta property=\"og:title\" content=\"home - Buterh\u00fbs\" \/>\n<meta property=\"og:description\" content=\"Willkommen auf der Website von It B\u00fbterh\u00fbs! Bei uns k\u00f6nnen Sie in einem restaurierten Monument aus dem Jahre 1633 \u00fcbernachten. In einer gelungenen Kombination von Alt und Neu sind drei ganz besondere Apartments entstanden. Jedes Apartment hat sehr authentische Details aus fr\u00fcherer Zeit. Die Einrichtung ist schlicht, aber stilvoll und aus vorwiegend nat\u00fcrlichen Materialien zusammengestellt. Das Ergebnis ist eine nat\u00fcrliche ... Read More\" \/>\n<meta property=\"og:url\" content=\"https:\/\/buterhus.nl\/\" \/>\n<meta property=\"og:site_name\" content=\"Buterh\u00fbs\" \/>\n<meta property=\"article:modified_time\" content=\"2024-11-15T09:13:29+00:00\" \/>\n<meta property=\"og:image\" content=\"https:\/\/buterhus.nl\/wordpress\/wp-content\/uploads\/2018\/10\/buterhus-kopie.jpg\" \/>\n\t<meta property=\"og:image:width\" content=\"826\" \/>\n\t<meta property=\"og:image:height\" content=\"922\" \/>\n\t<meta property=\"og:image:type\" content=\"image\/jpeg\" \/>\n<meta name=\"twitter:card\" content=\"summary_large_image\" \/>\n<meta name=\"twitter:label1\" content=\"Gesch\u00e4tzte Lesezeit\" \/>\n\t<meta name=\"twitter:data1\" content=\"5\u00a0Minuten\" \/>\n<script type=\"application\/ld+json\" class=\"yoast-schema-graph\">{\"@context\":\"https:\/\/schema.org\",\"@graph\":[{\"@type\":\"WebPage\",\"@id\":\"https:\/\/buterhus.nl\/\",\"url\":\"https:\/\/buterhus.nl\/\",\"name\":\"home - Buterh\u00fbs\",\"isPartOf\":{\"@id\":\"https:\/\/buterhus.nl\/#website\"},\"primaryImageOfPage\":{\"@id\":\"https:\/\/buterhus.nl\/#primaryimage\"},\"image\":{\"@id\":\"https:\/\/buterhus.nl\/#primaryimage\"},\"thumbnailUrl\":\"http:\/\/buterhus.nl\/wordpress\/wp-content\/uploads\/2018\/10\/buterhus-kopie.jpg\",\"datePublished\":\"2016-02-18T21:40:56+00:00\",\"dateModified\":\"2024-11-15T09:13:29+00:00\",\"breadcrumb\":{\"@id\":\"https:\/\/buterhus.nl\/#breadcrumb\"},\"inLanguage\":\"de\",\"potentialAction\":[{\"@type\":\"ReadAction\",\"target\":[\"https:\/\/buterhus.nl\/\"]}]},{\"@type\":\"ImageObject\",\"inLanguage\":\"de\",\"@id\":\"https:\/\/buterhus.nl\/#primaryimage\",\"url\":\"http:\/\/buterhus.nl\/wordpress\/wp-content\/uploads\/2018\/10\/buterhus-kopie.jpg\",\"contentUrl\":\"http:\/\/buterhus.nl\/wordpress\/wp-content\/uploads\/2018\/10\/buterhus-kopie.jpg\"},{\"@type\":\"BreadcrumbList\",\"@id\":\"https:\/\/buterhus.nl\/#breadcrumb\",\"itemListElement\":[{\"@type\":\"ListItem\",\"position\":1,\"name\":\"Home\",\"item\":\"https:\/\/buterhus.nl\/\"},{\"@type\":\"ListItem\",\"position\":2,\"name\":\"home\"}]},{\"@type\":\"WebSite\",\"@id\":\"https:\/\/buterhus.nl\/#website\",\"url\":\"https:\/\/buterhus.nl\/\",\"name\":\"Buterh\u00fbs\",\"description\":\"\",\"publisher\":{\"@id\":\"https:\/\/buterhus.nl\/#organization\"},\"potentialAction\":[{\"@type\":\"SearchAction\",\"target\":{\"@type\":\"EntryPoint\",\"urlTemplate\":\"https:\/\/buterhus.nl\/?s={search_term_string}\"},\"query-input\":{\"@type\":\"PropertyValueSpecification\",\"valueRequired\":true,\"valueName\":\"search_term_string\"}}],\"inLanguage\":\"de\"},{\"@type\":\"Organization\",\"@id\":\"https:\/\/buterhus.nl\/#organization\",\"name\":\"It B\u00fbterh\u00fbs\",\"url\":\"https:\/\/buterhus.nl\/\",\"logo\":{\"@type\":\"ImageObject\",\"inLanguage\":\"de\",\"@id\":\"https:\/\/buterhus.nl\/#\/schema\/logo\/image\/\",\"url\":\"https:\/\/buterhus.nl\/wordpress\/wp-content\/uploads\/2016\/02\/logo-buterhus.jpg\",\"contentUrl\":\"https:\/\/buterhus.nl\/wordpress\/wp-content\/uploads\/2016\/02\/logo-buterhus.jpg\",\"width\":400,\"height\":137,\"caption\":\"It B\u00fbterh\u00fbs\"},\"image\":{\"@id\":\"https:\/\/buterhus.nl\/#\/schema\/logo\/image\/\"}}]}<\/script>\n<!-- \/ Yoast SEO plugin. -->","yoast_head_json":{"title":"home - Buterh\u00fbs","robots":{"index":"index","follow":"follow","max-snippet":"max-snippet:-1","max-image-preview":"max-image-preview:large","max-video-preview":"max-video-preview:-1"},"canonical":"https:\/\/buterhus.nl\/","og_locale":"de_DE","og_type":"article","og_title":"home - Buterh\u00fbs","og_description":"Willkommen auf der Website von It B\u00fbterh\u00fbs! Bei uns k\u00f6nnen Sie in einem restaurierten Monument aus dem Jahre 1633 \u00fcbernachten. In einer gelungenen Kombination von Alt und Neu sind drei ganz besondere Apartments entstanden. Jedes Apartment hat sehr authentische Details aus fr\u00fcherer Zeit. Die Einrichtung ist schlicht, aber stilvoll und aus vorwiegend nat\u00fcrlichen Materialien zusammengestellt. Das Ergebnis ist eine nat\u00fcrliche ... Read More","og_url":"https:\/\/buterhus.nl\/","og_site_name":"Buterh\u00fbs","article_modified_time":"2024-11-15T09:13:29+00:00","og_image":[{"width":826,"height":922,"url":"https:\/\/buterhus.nl\/wordpress\/wp-content\/uploads\/2018\/10\/buterhus-kopie.jpg","type":"image\/jpeg"}],"twitter_card":"summary_large_image","twitter_misc":{"Gesch\u00e4tzte Lesezeit":"5\u00a0Minuten"},"schema":{"@context":"https:\/\/schema.org","@graph":[{"@type":"WebPage","@id":"https:\/\/buterhus.nl\/","url":"https:\/\/buterhus.nl\/","name":"home - Buterh\u00fbs","isPartOf":{"@id":"https:\/\/buterhus.nl\/#website"},"primaryImageOfPage":{"@id":"https:\/\/buterhus.nl\/#primaryimage"},"image":{"@id":"https:\/\/buterhus.nl\/#primaryimage"},"thumbnailUrl":"http:\/\/buterhus.nl\/wordpress\/wp-content\/uploads\/2018\/10\/buterhus-kopie.jpg","datePublished":"2016-02-18T21:40:56+00:00","dateModified":"2024-11-15T09:13:29+00:00","breadcrumb":{"@id":"https:\/\/buterhus.nl\/#breadcrumb"},"inLanguage":"de","potentialAction":[{"@type":"ReadAction","target":["https:\/\/buterhus.nl\/"]}]},{"@type":"ImageObject","inLanguage":"de","@id":"https:\/\/buterhus.nl\/#primaryimage","url":"http:\/\/buterhus.nl\/wordpress\/wp-content\/uploads\/2018\/10\/buterhus-kopie.jpg","contentUrl":"http:\/\/buterhus.nl\/wordpress\/wp-content\/uploads\/2018\/10\/buterhus-kopie.jpg"},{"@type":"BreadcrumbList","@id":"https:\/\/buterhus.nl\/#breadcrumb","itemListElement":[{"@type":"ListItem","position":1,"name":"Home","item":"https:\/\/buterhus.nl\/"},{"@type":"ListItem","position":2,"name":"home"}]},{"@type":"WebSite","@id":"https:\/\/buterhus.nl\/#website","url":"https:\/\/buterhus.nl\/","name":"Buterh\u00fbs","description":"","publisher":{"@id":"https:\/\/buterhus.nl\/#organization"},"potentialAction":[{"@type":"SearchAction","target":{"@type":"EntryPoint","urlTemplate":"https:\/\/buterhus.nl\/?s={search_term_string}"},"query-input":{"@type":"PropertyValueSpecification","valueRequired":true,"valueName":"search_term_string"}}],"inLanguage":"de"},{"@type":"Organization","@id":"https:\/\/buterhus.nl\/#organization","name":"It B\u00fbterh\u00fbs","url":"https:\/\/buterhus.nl\/","logo":{"@type":"ImageObject","inLanguage":"de","@id":"https:\/\/buterhus.nl\/#\/schema\/logo\/image\/","url":"https:\/\/buterhus.nl\/wordpress\/wp-content\/uploads\/2016\/02\/logo-buterhus.jpg","contentUrl":"https:\/\/buterhus.nl\/wordpress\/wp-content\/uploads\/2016\/02\/logo-buterhus.jpg","width":400,"height":137,"caption":"It B\u00fbterh\u00fbs"},"image":{"@id":"https:\/\/buterhus.nl\/#\/schema\/logo\/image\/"}}]}},"_links":{"self":[{"href":"https:\/\/buterhus.nl\/de\/wp-json\/wp\/v2\/pages\/5","targetHints":{"allow":["GET"]}}],"collection":[{"href":"https:\/\/buterhus.nl\/de\/wp-json\/wp\/v2\/pages"}],"about":[{"href":"https:\/\/buterhus.nl\/de\/wp-json\/wp\/v2\/types\/page"}],"author":[{"embeddable":true,"href":"https:\/\/buterhus.nl\/de\/wp-json\/wp\/v2\/users\/1"}],"replies":[{"embeddable":true,"href":"https:\/\/buterhus.nl\/de\/wp-json\/wp\/v2\/comments?post=5"}],"version-history":[{"count":57,"href":"https:\/\/buterhus.nl\/de\/wp-json\/wp\/v2\/pages\/5\/revisions"}],"predecessor-version":[{"id":2109,"href":"https:\/\/buterhus.nl\/de\/wp-json\/wp\/v2\/pages\/5\/revisions\/2109"}],"wp:attachment":[{"href":"https:\/\/buterhus.nl\/de\/wp-json\/wp\/v2\/media?parent=5"}],"curies":[{"name":"wp","href":"https:\/\/api.w.org\/{rel}","templated":true}]}}