{"id":29,"date":"2016-02-18T22:46:03","date_gmt":"2016-02-18T21:46:03","guid":{"rendered":"http:\/\/buterhus.nl\/wordpress\/?page_id=29"},"modified":"2025-12-28T12:59:32","modified_gmt":"2025-12-28T11:59:32","slug":"algemene-voorwaarden","status":"publish","type":"page","link":"https:\/\/buterhus.nl\/de\/algemene-voorwaarden\/","title":{"rendered":"allgemeine gesch\u00e4ftsbedingungen"},"content":{"rendered":"<strong>Gesch\u00e4ftsbedingungen Vermietung Apartments It B\u00fbterh\u00fbs<\/strong><\/p>\n<ol>\n<li>Haustiere sind nicht gestattet.<\/li>\n<li>Rauchen und offenes Feuer in den Apartments ist nicht gestattet.<\/li>\n<li>Der Empfang von Besuchern in den Apartments ist nicht gestattet.<\/li>\n<li>Nehmen Sie bitte R\u00fccksicht auf andere G\u00e4ste im Haus und respektieren deren Ruhe und Privatsph\u00e4re.<\/li>\n<li>Bei Ihrer Ankunft finden Sie in Ihrem Apartment saubere Bettw\u00e4sche, Handt\u00fccher und K\u00fcchent\u00fccher.<\/li>\n<li>Das Apartment muss bei der Abreise sauber hinterlassen werden.<\/li>\n<li>Die Unterkunft im It B\u00fbterh\u00fbs erfolgt auf eigenes Risiko.<\/li>\n<li>W\u00e4hrend Ihres Aufenthaltes entstandener Schaden am Apartment und der Einrichtung wird Ihnen in Rechnung gestellt.<\/li>\n<li>Die Benutzung des WLAN-Netzes im It\u00a0B\u00fbterh\u00fbs erfolgt auf eigenes Risiko.<\/li>\n<li>Wir raten Ihnen an eine private Reiser\u00fccktrittversicherung und\/oder Reiseversicherung abzuschlie\u00dfen.<\/li>\n<li>Wenn ein Apartment zur Verf\u00fcgung steht (angegeben mit einem gr\u00fcnen Feld) k\u00f6nnen Sie reservieren, in dem Sie das Anfrageformular ausf\u00fcllen und an uns schicken. Erst nach unserer Best\u00e4tigung und Ihrer Bezahlung ist die Reservierung g\u00fcltig.<\/li>\n<\/ol>\n<p><strong><br \/>\n<strong>Zahlungsbedingungen<\/strong><\/strong><\/p>\n<ol>\n<li>Bei einer Buchung wird die Mietsumme und Touristensteuer f\u00e4llig.<\/li>\n<li>Sollten Sie nicht anreisen wie gebucht erhalten Sie keine R\u00fcckerstattung.<\/li>\n<li>Kostenlose Stornierung mindestens 1 Woche vor dem Ankunftsdatum<\/li>\n<\/ol>","protected":false},"excerpt":{"rendered":"<p>Gesch\u00e4ftsbedingungen Vermietung Apartments It B\u00fbterh\u00fbs Haustiere sind nicht gestattet. Rauchen und offenes Feuer in den Apartments ist nicht gestattet. Der Empfang von Besuchern in den Apartments ist nicht gestattet. Nehmen Sie bitte R\u00fccksicht auf andere G\u00e4ste im Haus und respektieren deren Ruhe und Privatsph\u00e4re. Bei Ihrer Ankunft finden Sie in Ihrem Apartment saubere Bettw\u00e4sche, Handt\u00fccher und K\u00fcchent\u00fccher. Das Apartment muss &#8230; <\/p>\n<div><a href=\"https:\/\/buterhus.nl\/de\/algemene-voorwaarden\/\" class=\"more-link\">Read More<\/a><\/div>\n","protected":false},"author":1,"featured_media":0,"parent":0,"menu_order":0,"comment_status":"closed","ping_status":"closed","template":"","meta":{"footnotes":""},"class_list":["post-29","page","type-page","status-publish","hentry","no-post-thumbnail"],"yoast_head":"<!-- This site is optimized with the Yoast SEO plugin v23.8 - https:\/\/yoast.com\/wordpress\/plugins\/seo\/ -->\n<title>allgemeine gesch\u00e4ftsbedingungen - Buterh\u00fbs<\/title>\n<meta name=\"robots\" content=\"index, follow, max-snippet:-1, max-image-preview:large, max-video-preview:-1\" \/>\n<link rel=\"canonical\" href=\"https:\/\/buterhus.nl\/algemene-voorwaarden\/\" \/>\n<meta property=\"og:locale\" content=\"de_DE\" \/>\n<meta property=\"og:type\" content=\"article\" \/>\n<meta property=\"og:title\" content=\"allgemeine gesch\u00e4ftsbedingungen - Buterh\u00fbs\" \/>\n<meta property=\"og:description\" content=\"Gesch\u00e4ftsbedingungen Vermietung Apartments It B\u00fbterh\u00fbs Haustiere sind nicht gestattet. Rauchen und offenes Feuer in den Apartments ist nicht gestattet. Der Empfang von Besuchern in den Apartments ist nicht gestattet. Nehmen Sie bitte R\u00fccksicht auf andere G\u00e4ste im Haus und respektieren deren Ruhe und Privatsph\u00e4re. Bei Ihrer Ankunft finden Sie in Ihrem Apartment saubere Bettw\u00e4sche, Handt\u00fccher und K\u00fcchent\u00fccher. Das Apartment muss ... Read More\" \/>\n<meta property=\"og:url\" content=\"https:\/\/buterhus.nl\/algemene-voorwaarden\/\" \/>\n<meta property=\"og:site_name\" content=\"Buterh\u00fbs\" \/>\n<meta property=\"article:modified_time\" content=\"2025-12-28T11:59:32+00:00\" \/>\n<meta name=\"twitter:card\" content=\"summary_large_image\" \/>\n<meta name=\"twitter:label1\" content=\"Gesch\u00e4tzte Lesezeit\" \/>\n\t<meta name=\"twitter:data1\" content=\"3\u00a0Minuten\" \/>\n<script type=\"application\/ld+json\" class=\"yoast-schema-graph\">{\"@context\":\"https:\/\/schema.org\",\"@graph\":[{\"@type\":\"WebPage\",\"@id\":\"https:\/\/buterhus.nl\/algemene-voorwaarden\/\",\"url\":\"https:\/\/buterhus.nl\/algemene-voorwaarden\/\",\"name\":\"allgemeine gesch\u00e4ftsbedingungen - Buterh\u00fbs\",\"isPartOf\":{\"@id\":\"https:\/\/buterhus.nl\/#website\"},\"datePublished\":\"2016-02-18T21:46:03+00:00\",\"dateModified\":\"2025-12-28T11:59:32+00:00\",\"breadcrumb\":{\"@id\":\"https:\/\/buterhus.nl\/algemene-voorwaarden\/#breadcrumb\"},\"inLanguage\":\"de\",\"potentialAction\":[{\"@type\":\"ReadAction\",\"target\":[\"https:\/\/buterhus.nl\/algemene-voorwaarden\/\"]}]},{\"@type\":\"BreadcrumbList\",\"@id\":\"https:\/\/buterhus.nl\/algemene-voorwaarden\/#breadcrumb\",\"itemListElement\":[{\"@type\":\"ListItem\",\"position\":1,\"name\":\"Home\",\"item\":\"https:\/\/buterhus.nl\/\"},{\"@type\":\"ListItem\",\"position\":2,\"name\":\"algemene voorwaarden\"}]},{\"@type\":\"WebSite\",\"@id\":\"https:\/\/buterhus.nl\/#website\",\"url\":\"https:\/\/buterhus.nl\/\",\"name\":\"Buterh\u00fbs\",\"description\":\"\",\"publisher\":{\"@id\":\"https:\/\/buterhus.nl\/#organization\"},\"potentialAction\":[{\"@type\":\"SearchAction\",\"target\":{\"@type\":\"EntryPoint\",\"urlTemplate\":\"https:\/\/buterhus.nl\/?s={search_term_string}\"},\"query-input\":{\"@type\":\"PropertyValueSpecification\",\"valueRequired\":true,\"valueName\":\"search_term_string\"}}],\"inLanguage\":\"de\"},{\"@type\":\"Organization\",\"@id\":\"https:\/\/buterhus.nl\/#organization\",\"name\":\"It B\u00fbterh\u00fbs\",\"url\":\"https:\/\/buterhus.nl\/\",\"logo\":{\"@type\":\"ImageObject\",\"inLanguage\":\"de\",\"@id\":\"https:\/\/buterhus.nl\/#\/schema\/logo\/image\/\",\"url\":\"https:\/\/buterhus.nl\/wordpress\/wp-content\/uploads\/2016\/02\/logo-buterhus.jpg\",\"contentUrl\":\"https:\/\/buterhus.nl\/wordpress\/wp-content\/uploads\/2016\/02\/logo-buterhus.jpg\",\"width\":400,\"height\":137,\"caption\":\"It B\u00fbterh\u00fbs\"},\"image\":{\"@id\":\"https:\/\/buterhus.nl\/#\/schema\/logo\/image\/\"}}]}<\/script>\n<!-- \/ Yoast SEO plugin. -->","yoast_head_json":{"title":"allgemeine gesch\u00e4ftsbedingungen - Buterh\u00fbs","robots":{"index":"index","follow":"follow","max-snippet":"max-snippet:-1","max-image-preview":"max-image-preview:large","max-video-preview":"max-video-preview:-1"},"canonical":"https:\/\/buterhus.nl\/algemene-voorwaarden\/","og_locale":"de_DE","og_type":"article","og_title":"allgemeine gesch\u00e4ftsbedingungen - Buterh\u00fbs","og_description":"Gesch\u00e4ftsbedingungen Vermietung Apartments It B\u00fbterh\u00fbs Haustiere sind nicht gestattet. Rauchen und offenes Feuer in den Apartments ist nicht gestattet. Der Empfang von Besuchern in den Apartments ist nicht gestattet. Nehmen Sie bitte R\u00fccksicht auf andere G\u00e4ste im Haus und respektieren deren Ruhe und Privatsph\u00e4re. Bei Ihrer Ankunft finden Sie in Ihrem Apartment saubere Bettw\u00e4sche, Handt\u00fccher und K\u00fcchent\u00fccher. Das Apartment muss ... Read More","og_url":"https:\/\/buterhus.nl\/algemene-voorwaarden\/","og_site_name":"Buterh\u00fbs","article_modified_time":"2025-12-28T11:59:32+00:00","twitter_card":"summary_large_image","twitter_misc":{"Gesch\u00e4tzte Lesezeit":"3\u00a0Minuten"},"schema":{"@context":"https:\/\/schema.org","@graph":[{"@type":"WebPage","@id":"https:\/\/buterhus.nl\/algemene-voorwaarden\/","url":"https:\/\/buterhus.nl\/algemene-voorwaarden\/","name":"allgemeine gesch\u00e4ftsbedingungen - Buterh\u00fbs","isPartOf":{"@id":"https:\/\/buterhus.nl\/#website"},"datePublished":"2016-02-18T21:46:03+00:00","dateModified":"2025-12-28T11:59:32+00:00","breadcrumb":{"@id":"https:\/\/buterhus.nl\/algemene-voorwaarden\/#breadcrumb"},"inLanguage":"de","potentialAction":[{"@type":"ReadAction","target":["https:\/\/buterhus.nl\/algemene-voorwaarden\/"]}]},{"@type":"BreadcrumbList","@id":"https:\/\/buterhus.nl\/algemene-voorwaarden\/#breadcrumb","itemListElement":[{"@type":"ListItem","position":1,"name":"Home","item":"https:\/\/buterhus.nl\/"},{"@type":"ListItem","position":2,"name":"algemene voorwaarden"}]},{"@type":"WebSite","@id":"https:\/\/buterhus.nl\/#website","url":"https:\/\/buterhus.nl\/","name":"Buterh\u00fbs","description":"","publisher":{"@id":"https:\/\/buterhus.nl\/#organization"},"potentialAction":[{"@type":"SearchAction","target":{"@type":"EntryPoint","urlTemplate":"https:\/\/buterhus.nl\/?s={search_term_string}"},"query-input":{"@type":"PropertyValueSpecification","valueRequired":true,"valueName":"search_term_string"}}],"inLanguage":"de"},{"@type":"Organization","@id":"https:\/\/buterhus.nl\/#organization","name":"It B\u00fbterh\u00fbs","url":"https:\/\/buterhus.nl\/","logo":{"@type":"ImageObject","inLanguage":"de","@id":"https:\/\/buterhus.nl\/#\/schema\/logo\/image\/","url":"https:\/\/buterhus.nl\/wordpress\/wp-content\/uploads\/2016\/02\/logo-buterhus.jpg","contentUrl":"https:\/\/buterhus.nl\/wordpress\/wp-content\/uploads\/2016\/02\/logo-buterhus.jpg","width":400,"height":137,"caption":"It B\u00fbterh\u00fbs"},"image":{"@id":"https:\/\/buterhus.nl\/#\/schema\/logo\/image\/"}}]}},"_links":{"self":[{"href":"https:\/\/buterhus.nl\/de\/wp-json\/wp\/v2\/pages\/29","targetHints":{"allow":["GET"]}}],"collection":[{"href":"https:\/\/buterhus.nl\/de\/wp-json\/wp\/v2\/pages"}],"about":[{"href":"https:\/\/buterhus.nl\/de\/wp-json\/wp\/v2\/types\/page"}],"author":[{"embeddable":true,"href":"https:\/\/buterhus.nl\/de\/wp-json\/wp\/v2\/users\/1"}],"replies":[{"embeddable":true,"href":"https:\/\/buterhus.nl\/de\/wp-json\/wp\/v2\/comments?post=29"}],"version-history":[{"count":23,"href":"https:\/\/buterhus.nl\/de\/wp-json\/wp\/v2\/pages\/29\/revisions"}],"predecessor-version":[{"id":2348,"href":"https:\/\/buterhus.nl\/de\/wp-json\/wp\/v2\/pages\/29\/revisions\/2348"}],"wp:attachment":[{"href":"https:\/\/buterhus.nl\/de\/wp-json\/wp\/v2\/media?parent=29"}],"curies":[{"name":"wp","href":"https:\/\/api.w.org\/{rel}","templated":true}]}}