{"id":25,"date":"2016-02-18T22:45:19","date_gmt":"2016-02-18T21:45:19","guid":{"rendered":"http:\/\/buterhus.nl\/wordpress\/?page_id=25"},"modified":"2023-12-22T17:59:49","modified_gmt":"2023-12-22T16:59:49","slug":"bos","status":"publish","type":"page","link":"https:\/\/buterhus.nl\/de\/bos\/","title":{"rendered":"Das bedstee apartment &#8211; BOS"},"content":{"rendered":"<img loading=\"lazy\" decoding=\"async\" class=\"alignnone size-large wp-image-517\" src=\"http:\/\/buterhus.nl\/wordpress\/wp-content\/uploads\/2016\/02\/3-bos-3-1024x683.jpg\" alt=\"3 bos (3)\" width=\"761\" height=\"508\" srcset=\"https:\/\/buterhus.nl\/wordpress\/wp-content\/uploads\/2016\/02\/3-bos-3-1024x683.jpg 1024w, https:\/\/buterhus.nl\/wordpress\/wp-content\/uploads\/2016\/02\/3-bos-3-300x200.jpg 300w, https:\/\/buterhus.nl\/wordpress\/wp-content\/uploads\/2016\/02\/3-bos-3-768x512.jpg 768w, https:\/\/buterhus.nl\/wordpress\/wp-content\/uploads\/2016\/02\/3-bos-3-100x67.jpg 100w, https:\/\/buterhus.nl\/wordpress\/wp-content\/uploads\/2016\/02\/3-bos-3-881x587.jpg 881w, https:\/\/buterhus.nl\/wordpress\/wp-content\/uploads\/2016\/02\/3-bos-3-1200x800.jpg 1200w\" sizes=\"auto, (max-width: 761px) 100vw, 761px\" \/><\/p>\n<p>In diesem Apartment haben Sie eine wundersch\u00f6ne Aussicht auf die Luts, das Fl\u00fcsschen, das bekannt ist von der 11-St\u00e4tdte-Tour. Das Apartment ist ausgestattet mit einer komplett eingerichteten K\u00fcche (f\u00fcr 2 Personen) mit K\u00fchlschrank, Induktionsherd, Mikrowelle, Wasserkocher und Kaffeemaschine. Im nebenanliegenden Schlafbereich befindet sich ein Auping-Doppelbett (1,80m x 2,10m). Hinter dem pr\u00e4chtigen b\u00e4uerlichen Alkoven mit seinem originalem Holzschnitzwerk befindet sich das eigene Badezimmer mit Dusche, Waschbecken und Toilette.<\/p>\n<p>Zwischen dem Wohn- und Schlafbereich befindet sich ein b\u00e4uerliches Schrankbett (1.20), das f\u00fcr ein Kind genutzt werden kann. Es ist das originale Schrankbett oder Alkoven, in dem fr\u00fcher der Knecht schlief.<\/p>\n<p>Das Zimmer ist 35 qm gro\u00df.<br \/>\nZu mieten:\u00a0minimum zwei N\u00e4chte.<\/p>\n<p><a href=\"http:\/\/buterhus.nl\/de\/reserveren\/\">reservieren &gt;<\/a><\/p>\n<p><img loading=\"lazy\" decoding=\"async\" class=\"alignnone wp-image-515\" src=\"http:\/\/buterhus.nl\/wordpress\/wp-content\/uploads\/2016\/02\/3-bos-1-683x1024.jpg\" alt=\"3 bos (1)\" width=\"240\" height=\"360\" srcset=\"https:\/\/buterhus.nl\/wordpress\/wp-content\/uploads\/2016\/02\/3-bos-1-683x1024.jpg 683w, https:\/\/buterhus.nl\/wordpress\/wp-content\/uploads\/2016\/02\/3-bos-1-200x300.jpg 200w, https:\/\/buterhus.nl\/wordpress\/wp-content\/uploads\/2016\/02\/3-bos-1-768x1152.jpg 768w, https:\/\/buterhus.nl\/wordpress\/wp-content\/uploads\/2016\/02\/3-bos-1-100x150.jpg 100w, https:\/\/buterhus.nl\/wordpress\/wp-content\/uploads\/2016\/02\/3-bos-1-881x1322.jpg 881w, https:\/\/buterhus.nl\/wordpress\/wp-content\/uploads\/2016\/02\/3-bos-1-1200x1800.jpg 1200w\" sizes=\"auto, (max-width: 240px) 100vw, 240px\" \/>\u00a0<img loading=\"lazy\" decoding=\"async\" class=\"alignnone wp-image-521\" src=\"http:\/\/buterhus.nl\/wordpress\/wp-content\/uploads\/2016\/02\/3-bos-7-683x1024.jpg\" alt=\"3 bos (7)\" width=\"240\" height=\"360\" srcset=\"https:\/\/buterhus.nl\/wordpress\/wp-content\/uploads\/2016\/02\/3-bos-7-683x1024.jpg 683w, https:\/\/buterhus.nl\/wordpress\/wp-content\/uploads\/2016\/02\/3-bos-7-200x300.jpg 200w, https:\/\/buterhus.nl\/wordpress\/wp-content\/uploads\/2016\/02\/3-bos-7-768x1152.jpg 768w, https:\/\/buterhus.nl\/wordpress\/wp-content\/uploads\/2016\/02\/3-bos-7-100x150.jpg 100w, https:\/\/buterhus.nl\/wordpress\/wp-content\/uploads\/2016\/02\/3-bos-7-881x1322.jpg 881w, https:\/\/buterhus.nl\/wordpress\/wp-content\/uploads\/2016\/02\/3-bos-7-1200x1800.jpg 1200w\" sizes=\"auto, (max-width: 240px) 100vw, 240px\" \/>\u00a0<img loading=\"lazy\" decoding=\"async\" class=\"alignnone wp-image-518\" src=\"http:\/\/buterhus.nl\/wordpress\/wp-content\/uploads\/2016\/02\/3-bos-4-683x1024.jpg\" alt=\"3 bos (4)\" width=\"240\" height=\"360\" srcset=\"https:\/\/buterhus.nl\/wordpress\/wp-content\/uploads\/2016\/02\/3-bos-4-683x1024.jpg 683w, https:\/\/buterhus.nl\/wordpress\/wp-content\/uploads\/2016\/02\/3-bos-4-200x300.jpg 200w, https:\/\/buterhus.nl\/wordpress\/wp-content\/uploads\/2016\/02\/3-bos-4-768x1152.jpg 768w, https:\/\/buterhus.nl\/wordpress\/wp-content\/uploads\/2016\/02\/3-bos-4-100x150.jpg 100w, https:\/\/buterhus.nl\/wordpress\/wp-content\/uploads\/2016\/02\/3-bos-4-881x1322.jpg 881w, https:\/\/buterhus.nl\/wordpress\/wp-content\/uploads\/2016\/02\/3-bos-4-1200x1800.jpg 1200w\" sizes=\"auto, (max-width: 240px) 100vw, 240px\" \/><img loading=\"lazy\" decoding=\"async\" class=\"alignnone wp-image-519\" src=\"http:\/\/buterhus.nl\/wordpress\/wp-content\/uploads\/2016\/02\/3-bos-5-1024x683.jpg\" alt=\"3 bos (5)\" width=\"727\" height=\"485\" srcset=\"https:\/\/buterhus.nl\/wordpress\/wp-content\/uploads\/2016\/02\/3-bos-5-1024x683.jpg 1024w, https:\/\/buterhus.nl\/wordpress\/wp-content\/uploads\/2016\/02\/3-bos-5-300x200.jpg 300w, https:\/\/buterhus.nl\/wordpress\/wp-content\/uploads\/2016\/02\/3-bos-5-768x512.jpg 768w, https:\/\/buterhus.nl\/wordpress\/wp-content\/uploads\/2016\/02\/3-bos-5-100x67.jpg 100w, https:\/\/buterhus.nl\/wordpress\/wp-content\/uploads\/2016\/02\/3-bos-5-881x587.jpg 881w, https:\/\/buterhus.nl\/wordpress\/wp-content\/uploads\/2016\/02\/3-bos-5-1200x800.jpg 1200w\" sizes=\"auto, (max-width: 727px) 100vw, 727px\" \/><\/p>\n<p><img loading=\"lazy\" decoding=\"async\" class=\"alignnone wp-image-1218\" src=\"http:\/\/buterhus.nl\/wordpress\/wp-content\/uploads\/2018\/12\/foto-kinderbedstee-576x1024.jpg\" alt=\"\" width=\"354\" height=\"629\" srcset=\"https:\/\/buterhus.nl\/wordpress\/wp-content\/uploads\/2018\/12\/foto-kinderbedstee-576x1024.jpg 576w, https:\/\/buterhus.nl\/wordpress\/wp-content\/uploads\/2018\/12\/foto-kinderbedstee-169x300.jpg 169w, https:\/\/buterhus.nl\/wordpress\/wp-content\/uploads\/2018\/12\/foto-kinderbedstee-768x1365.jpg 768w, https:\/\/buterhus.nl\/wordpress\/wp-content\/uploads\/2018\/12\/foto-kinderbedstee-100x178.jpg 100w, https:\/\/buterhus.nl\/wordpress\/wp-content\/uploads\/2018\/12\/foto-kinderbedstee-881x1566.jpg 881w, https:\/\/buterhus.nl\/wordpress\/wp-content\/uploads\/2018\/12\/foto-kinderbedstee-1200x2133.jpg 1200w, https:\/\/buterhus.nl\/wordpress\/wp-content\/uploads\/2018\/12\/foto-kinderbedstee.jpg 1780w\" sizes=\"auto, (max-width: 354px) 100vw, 354px\" \/>\u00a0\u00a0<img loading=\"lazy\" decoding=\"async\" class=\"alignnone wp-image-1219\" src=\"http:\/\/buterhus.nl\/wordpress\/wp-content\/uploads\/2018\/12\/bedstee-en-kinderstoel-577x1024.jpg\" alt=\"\" width=\"354\" height=\"628\" srcset=\"https:\/\/buterhus.nl\/wordpress\/wp-content\/uploads\/2018\/12\/bedstee-en-kinderstoel-577x1024.jpg 577w, https:\/\/buterhus.nl\/wordpress\/wp-content\/uploads\/2018\/12\/bedstee-en-kinderstoel-169x300.jpg 169w, https:\/\/buterhus.nl\/wordpress\/wp-content\/uploads\/2018\/12\/bedstee-en-kinderstoel-768x1364.jpg 768w, https:\/\/buterhus.nl\/wordpress\/wp-content\/uploads\/2018\/12\/bedstee-en-kinderstoel-100x178.jpg 100w, https:\/\/buterhus.nl\/wordpress\/wp-content\/uploads\/2018\/12\/bedstee-en-kinderstoel-881x1564.jpg 881w, https:\/\/buterhus.nl\/wordpress\/wp-content\/uploads\/2018\/12\/bedstee-en-kinderstoel-1200x2130.jpg 1200w\" sizes=\"auto, (max-width: 354px) 100vw, 354px\" \/>","protected":false},"excerpt":{"rendered":"<p>In diesem Apartment haben Sie eine wundersch\u00f6ne Aussicht auf die Luts, das Fl\u00fcsschen, das bekannt ist von der 11-St\u00e4tdte-Tour. Das Apartment ist ausgestattet mit einer komplett eingerichteten K\u00fcche (f\u00fcr 2 Personen) mit K\u00fchlschrank, Induktionsherd, Mikrowelle, Wasserkocher und Kaffeemaschine. Im nebenanliegenden Schlafbereich befindet sich ein Auping-Doppelbett (1,80m x 2,10m). Hinter dem pr\u00e4chtigen b\u00e4uerlichen Alkoven mit seinem originalem Holzschnitzwerk befindet sich das &#8230; <\/p>\n<div><a href=\"https:\/\/buterhus.nl\/de\/bos\/\" class=\"more-link\">Read More<\/a><\/div>\n","protected":false},"author":1,"featured_media":0,"parent":0,"menu_order":0,"comment_status":"closed","ping_status":"closed","template":"","meta":{"footnotes":""},"class_list":["post-25","page","type-page","status-publish","hentry","no-post-thumbnail"],"yoast_head":"<!-- This site is optimized with the Yoast SEO plugin v23.8 - https:\/\/yoast.com\/wordpress\/plugins\/seo\/ -->\n<title>Das bedstee apartment - BOS - Buterh\u00fbs<\/title>\n<meta name=\"robots\" content=\"index, follow, max-snippet:-1, max-image-preview:large, max-video-preview:-1\" \/>\n<link rel=\"canonical\" href=\"https:\/\/buterhus.nl\/bos\/\" \/>\n<meta property=\"og:locale\" content=\"de_DE\" \/>\n<meta property=\"og:type\" content=\"article\" \/>\n<meta property=\"og:title\" content=\"Das bedstee apartment - BOS - Buterh\u00fbs\" \/>\n<meta property=\"og:description\" content=\"In diesem Apartment haben Sie eine wundersch\u00f6ne Aussicht auf die Luts, das Fl\u00fcsschen, das bekannt ist von der 11-St\u00e4tdte-Tour. Das Apartment ist ausgestattet mit einer komplett eingerichteten K\u00fcche (f\u00fcr 2 Personen) mit K\u00fchlschrank, Induktionsherd, Mikrowelle, Wasserkocher und Kaffeemaschine. Im nebenanliegenden Schlafbereich befindet sich ein Auping-Doppelbett (1,80m x 2,10m). Hinter dem pr\u00e4chtigen b\u00e4uerlichen Alkoven mit seinem originalem Holzschnitzwerk befindet sich das ... Read More\" \/>\n<meta property=\"og:url\" content=\"https:\/\/buterhus.nl\/bos\/\" \/>\n<meta property=\"og:site_name\" content=\"Buterh\u00fbs\" \/>\n<meta property=\"article:modified_time\" content=\"2023-12-22T16:59:49+00:00\" \/>\n<meta property=\"og:image\" content=\"http:\/\/buterhus.nl\/wordpress\/wp-content\/uploads\/2016\/02\/3-bos-3-1024x683.jpg\" \/>\n<meta name=\"twitter:card\" content=\"summary_large_image\" \/>\n<meta name=\"twitter:label1\" content=\"Gesch\u00e4tzte Lesezeit\" \/>\n\t<meta name=\"twitter:data1\" content=\"7\u00a0Minuten\" \/>\n<script type=\"application\/ld+json\" class=\"yoast-schema-graph\">{\"@context\":\"https:\/\/schema.org\",\"@graph\":[{\"@type\":\"WebPage\",\"@id\":\"https:\/\/buterhus.nl\/bos\/\",\"url\":\"https:\/\/buterhus.nl\/bos\/\",\"name\":\"Das bedstee apartment - BOS - Buterh\u00fbs\",\"isPartOf\":{\"@id\":\"https:\/\/buterhus.nl\/#website\"},\"primaryImageOfPage\":{\"@id\":\"https:\/\/buterhus.nl\/bos\/#primaryimage\"},\"image\":{\"@id\":\"https:\/\/buterhus.nl\/bos\/#primaryimage\"},\"thumbnailUrl\":\"http:\/\/buterhus.nl\/wordpress\/wp-content\/uploads\/2016\/02\/3-bos-3-1024x683.jpg\",\"datePublished\":\"2016-02-18T21:45:19+00:00\",\"dateModified\":\"2023-12-22T16:59:49+00:00\",\"breadcrumb\":{\"@id\":\"https:\/\/buterhus.nl\/bos\/#breadcrumb\"},\"inLanguage\":\"de\",\"potentialAction\":[{\"@type\":\"ReadAction\",\"target\":[\"https:\/\/buterhus.nl\/bos\/\"]}]},{\"@type\":\"ImageObject\",\"inLanguage\":\"de\",\"@id\":\"https:\/\/buterhus.nl\/bos\/#primaryimage\",\"url\":\"http:\/\/buterhus.nl\/wordpress\/wp-content\/uploads\/2016\/02\/3-bos-3-1024x683.jpg\",\"contentUrl\":\"http:\/\/buterhus.nl\/wordpress\/wp-content\/uploads\/2016\/02\/3-bos-3-1024x683.jpg\"},{\"@type\":\"BreadcrumbList\",\"@id\":\"https:\/\/buterhus.nl\/bos\/#breadcrumb\",\"itemListElement\":[{\"@type\":\"ListItem\",\"position\":1,\"name\":\"Home\",\"item\":\"https:\/\/buterhus.nl\/\"},{\"@type\":\"ListItem\",\"position\":2,\"name\":\"Het bedstee appartement &#8211; BOS\"}]},{\"@type\":\"WebSite\",\"@id\":\"https:\/\/buterhus.nl\/#website\",\"url\":\"https:\/\/buterhus.nl\/\",\"name\":\"Buterh\u00fbs\",\"description\":\"\",\"publisher\":{\"@id\":\"https:\/\/buterhus.nl\/#organization\"},\"potentialAction\":[{\"@type\":\"SearchAction\",\"target\":{\"@type\":\"EntryPoint\",\"urlTemplate\":\"https:\/\/buterhus.nl\/?s={search_term_string}\"},\"query-input\":{\"@type\":\"PropertyValueSpecification\",\"valueRequired\":true,\"valueName\":\"search_term_string\"}}],\"inLanguage\":\"de\"},{\"@type\":\"Organization\",\"@id\":\"https:\/\/buterhus.nl\/#organization\",\"name\":\"It B\u00fbterh\u00fbs\",\"url\":\"https:\/\/buterhus.nl\/\",\"logo\":{\"@type\":\"ImageObject\",\"inLanguage\":\"de\",\"@id\":\"https:\/\/buterhus.nl\/#\/schema\/logo\/image\/\",\"url\":\"https:\/\/buterhus.nl\/wordpress\/wp-content\/uploads\/2016\/02\/logo-buterhus.jpg\",\"contentUrl\":\"https:\/\/buterhus.nl\/wordpress\/wp-content\/uploads\/2016\/02\/logo-buterhus.jpg\",\"width\":400,\"height\":137,\"caption\":\"It B\u00fbterh\u00fbs\"},\"image\":{\"@id\":\"https:\/\/buterhus.nl\/#\/schema\/logo\/image\/\"}}]}<\/script>\n<!-- \/ Yoast SEO plugin. -->","yoast_head_json":{"title":"Das bedstee apartment - BOS - Buterh\u00fbs","robots":{"index":"index","follow":"follow","max-snippet":"max-snippet:-1","max-image-preview":"max-image-preview:large","max-video-preview":"max-video-preview:-1"},"canonical":"https:\/\/buterhus.nl\/bos\/","og_locale":"de_DE","og_type":"article","og_title":"Das bedstee apartment - BOS - Buterh\u00fbs","og_description":"In diesem Apartment haben Sie eine wundersch\u00f6ne Aussicht auf die Luts, das Fl\u00fcsschen, das bekannt ist von der 11-St\u00e4tdte-Tour. Das Apartment ist ausgestattet mit einer komplett eingerichteten K\u00fcche (f\u00fcr 2 Personen) mit K\u00fchlschrank, Induktionsherd, Mikrowelle, Wasserkocher und Kaffeemaschine. Im nebenanliegenden Schlafbereich befindet sich ein Auping-Doppelbett (1,80m x 2,10m). Hinter dem pr\u00e4chtigen b\u00e4uerlichen Alkoven mit seinem originalem Holzschnitzwerk befindet sich das ... Read More","og_url":"https:\/\/buterhus.nl\/bos\/","og_site_name":"Buterh\u00fbs","article_modified_time":"2023-12-22T16:59:49+00:00","og_image":[{"url":"http:\/\/buterhus.nl\/wordpress\/wp-content\/uploads\/2016\/02\/3-bos-3-1024x683.jpg"}],"twitter_card":"summary_large_image","twitter_misc":{"Gesch\u00e4tzte Lesezeit":"7\u00a0Minuten"},"schema":{"@context":"https:\/\/schema.org","@graph":[{"@type":"WebPage","@id":"https:\/\/buterhus.nl\/bos\/","url":"https:\/\/buterhus.nl\/bos\/","name":"Das bedstee apartment - BOS - Buterh\u00fbs","isPartOf":{"@id":"https:\/\/buterhus.nl\/#website"},"primaryImageOfPage":{"@id":"https:\/\/buterhus.nl\/bos\/#primaryimage"},"image":{"@id":"https:\/\/buterhus.nl\/bos\/#primaryimage"},"thumbnailUrl":"http:\/\/buterhus.nl\/wordpress\/wp-content\/uploads\/2016\/02\/3-bos-3-1024x683.jpg","datePublished":"2016-02-18T21:45:19+00:00","dateModified":"2023-12-22T16:59:49+00:00","breadcrumb":{"@id":"https:\/\/buterhus.nl\/bos\/#breadcrumb"},"inLanguage":"de","potentialAction":[{"@type":"ReadAction","target":["https:\/\/buterhus.nl\/bos\/"]}]},{"@type":"ImageObject","inLanguage":"de","@id":"https:\/\/buterhus.nl\/bos\/#primaryimage","url":"http:\/\/buterhus.nl\/wordpress\/wp-content\/uploads\/2016\/02\/3-bos-3-1024x683.jpg","contentUrl":"http:\/\/buterhus.nl\/wordpress\/wp-content\/uploads\/2016\/02\/3-bos-3-1024x683.jpg"},{"@type":"BreadcrumbList","@id":"https:\/\/buterhus.nl\/bos\/#breadcrumb","itemListElement":[{"@type":"ListItem","position":1,"name":"Home","item":"https:\/\/buterhus.nl\/"},{"@type":"ListItem","position":2,"name":"Het bedstee appartement &#8211; BOS"}]},{"@type":"WebSite","@id":"https:\/\/buterhus.nl\/#website","url":"https:\/\/buterhus.nl\/","name":"Buterh\u00fbs","description":"","publisher":{"@id":"https:\/\/buterhus.nl\/#organization"},"potentialAction":[{"@type":"SearchAction","target":{"@type":"EntryPoint","urlTemplate":"https:\/\/buterhus.nl\/?s={search_term_string}"},"query-input":{"@type":"PropertyValueSpecification","valueRequired":true,"valueName":"search_term_string"}}],"inLanguage":"de"},{"@type":"Organization","@id":"https:\/\/buterhus.nl\/#organization","name":"It B\u00fbterh\u00fbs","url":"https:\/\/buterhus.nl\/","logo":{"@type":"ImageObject","inLanguage":"de","@id":"https:\/\/buterhus.nl\/#\/schema\/logo\/image\/","url":"https:\/\/buterhus.nl\/wordpress\/wp-content\/uploads\/2016\/02\/logo-buterhus.jpg","contentUrl":"https:\/\/buterhus.nl\/wordpress\/wp-content\/uploads\/2016\/02\/logo-buterhus.jpg","width":400,"height":137,"caption":"It B\u00fbterh\u00fbs"},"image":{"@id":"https:\/\/buterhus.nl\/#\/schema\/logo\/image\/"}}]}},"_links":{"self":[{"href":"https:\/\/buterhus.nl\/de\/wp-json\/wp\/v2\/pages\/25","targetHints":{"allow":["GET"]}}],"collection":[{"href":"https:\/\/buterhus.nl\/de\/wp-json\/wp\/v2\/pages"}],"about":[{"href":"https:\/\/buterhus.nl\/de\/wp-json\/wp\/v2\/types\/page"}],"author":[{"embeddable":true,"href":"https:\/\/buterhus.nl\/de\/wp-json\/wp\/v2\/users\/1"}],"replies":[{"embeddable":true,"href":"https:\/\/buterhus.nl\/de\/wp-json\/wp\/v2\/comments?post=25"}],"version-history":[{"count":51,"href":"https:\/\/buterhus.nl\/de\/wp-json\/wp\/v2\/pages\/25\/revisions"}],"predecessor-version":[{"id":2048,"href":"https:\/\/buterhus.nl\/de\/wp-json\/wp\/v2\/pages\/25\/revisions\/2048"}],"wp:attachment":[{"href":"https:\/\/buterhus.nl\/de\/wp-json\/wp\/v2\/media?parent=25"}],"curies":[{"name":"wp","href":"https:\/\/api.w.org\/{rel}","templated":true}]}}