{"id":23,"date":"2016-02-18T22:44:59","date_gmt":"2016-02-18T21:44:59","guid":{"rendered":"http:\/\/buterhus.nl\/wordpress\/?page_id=23"},"modified":"2023-12-22T18:00:28","modified_gmt":"2023-12-22T17:00:28","slug":"water","status":"publish","type":"page","link":"https:\/\/buterhus.nl\/de\/water\/","title":{"rendered":"Das tussenkamer apartment &#8211; WATER"},"content":{"rendered":"<p style=\"line-height: 16.6pt;margin: 0cm 0cm 15.75pt 0cm\"><img loading=\"lazy\" decoding=\"async\" class=\"alignnone size-large wp-image-512\" src=\"http:\/\/buterhus.nl\/wordpress\/wp-content\/uploads\/2016\/02\/2.-water-9-1024x683.jpg\" alt=\"2. water (9)\" width=\"761\" height=\"508\" srcset=\"https:\/\/buterhus.nl\/wordpress\/wp-content\/uploads\/2016\/02\/2.-water-9-1024x683.jpg 1024w, https:\/\/buterhus.nl\/wordpress\/wp-content\/uploads\/2016\/02\/2.-water-9-300x200.jpg 300w, https:\/\/buterhus.nl\/wordpress\/wp-content\/uploads\/2016\/02\/2.-water-9-768x512.jpg 768w, https:\/\/buterhus.nl\/wordpress\/wp-content\/uploads\/2016\/02\/2.-water-9-100x67.jpg 100w, https:\/\/buterhus.nl\/wordpress\/wp-content\/uploads\/2016\/02\/2.-water-9-881x587.jpg 881w, https:\/\/buterhus.nl\/wordpress\/wp-content\/uploads\/2016\/02\/2.-water-9-1200x800.jpg 1200w\" sizes=\"auto, (max-width: 761px) 100vw, 761px\" \/><\/p>\n<p style=\"line-height: 16.6pt;margin: 0cm 0cm 15.75pt 0cm\"><span lang=\"DE\" style=\"font-size: 10.0pt;color: #777777\">Das Apartment ist ausgestattet mit einer komplett eingerichteten K\u00fcche (f\u00fcr 2 Personen) mit K\u00fchlschrank, Induktionsherd, Mikrowelle, Wasserkocher und Kaffeemaschine, Hocker und ein eigenes Badezimmer mit Dusche, Waschbecken und Toilette. Im Schlafbereich sorgt ein Auping-Doppelbett (1,80m x 2,10m) f\u00fcr <\/span><span lang=\"DE\" style=\"font-size: 10.0pt;color: gray\">Schlafkomfort auf h\u00f6chstem Niveau. Das Apartment ist mit H\u00f6rnern ausgestattet.<\/span><\/p>\n<p style=\"margin: 0cm;margin-bottom: .0001pt;line-height: 16.6pt\"><span lang=\"DE\" style=\"font-size: 10.0pt;color: #777777\">Das Zimmer ist 30 qm gro\u00df. <\/span><\/p>\n<p style=\"margin: 0cm;margin-bottom: .0001pt;line-height: 16.6pt\"><span lang=\"DE\" style=\"font-size: 10.0pt;color: #777777\">Zu mieten:\u00a0minimum zwei N\u00e4chte<\/span><\/p>\n<p style=\"margin: 0cm;margin-bottom: .0001pt;line-height: 16.6pt\"><a href=\"http:\/\/buterhus.nl\/de\/reserveren\/\">reservieren &gt;<\/a><\/p>\n<p style=\"margin: 0cm;margin-bottom: .0001pt;line-height: 16.6pt\"><img loading=\"lazy\" decoding=\"async\" class=\"alignnone wp-image-506\" src=\"http:\/\/buterhus.nl\/wordpress\/wp-content\/uploads\/2016\/02\/2.-water-1-683x1024.jpg\" alt=\"2. water (1)\" width=\"240\" height=\"360\" srcset=\"https:\/\/buterhus.nl\/wordpress\/wp-content\/uploads\/2016\/02\/2.-water-1-683x1024.jpg 683w, https:\/\/buterhus.nl\/wordpress\/wp-content\/uploads\/2016\/02\/2.-water-1-200x300.jpg 200w, https:\/\/buterhus.nl\/wordpress\/wp-content\/uploads\/2016\/02\/2.-water-1-768x1152.jpg 768w, https:\/\/buterhus.nl\/wordpress\/wp-content\/uploads\/2016\/02\/2.-water-1-100x150.jpg 100w, https:\/\/buterhus.nl\/wordpress\/wp-content\/uploads\/2016\/02\/2.-water-1-881x1322.jpg 881w, https:\/\/buterhus.nl\/wordpress\/wp-content\/uploads\/2016\/02\/2.-water-1-1200x1800.jpg 1200w\" sizes=\"auto, (max-width: 240px) 100vw, 240px\" \/>\u00a0<img loading=\"lazy\" decoding=\"async\" class=\"alignnone wp-image-514\" src=\"http:\/\/buterhus.nl\/wordpress\/wp-content\/uploads\/2016\/02\/2.-water-4-683x1024.jpg\" alt=\"2. water (4)\" width=\"240\" height=\"360\" srcset=\"https:\/\/buterhus.nl\/wordpress\/wp-content\/uploads\/2016\/02\/2.-water-4-683x1024.jpg 683w, https:\/\/buterhus.nl\/wordpress\/wp-content\/uploads\/2016\/02\/2.-water-4-200x300.jpg 200w, https:\/\/buterhus.nl\/wordpress\/wp-content\/uploads\/2016\/02\/2.-water-4-768x1152.jpg 768w, https:\/\/buterhus.nl\/wordpress\/wp-content\/uploads\/2016\/02\/2.-water-4-100x150.jpg 100w, https:\/\/buterhus.nl\/wordpress\/wp-content\/uploads\/2016\/02\/2.-water-4-881x1322.jpg 881w, https:\/\/buterhus.nl\/wordpress\/wp-content\/uploads\/2016\/02\/2.-water-4-1200x1800.jpg 1200w\" sizes=\"auto, (max-width: 240px) 100vw, 240px\" \/>\u00a0<img loading=\"lazy\" decoding=\"async\" class=\"alignnone wp-image-508\" src=\"http:\/\/buterhus.nl\/wordpress\/wp-content\/uploads\/2016\/02\/2.-water-3-673x1024.jpg\" alt=\"2. water (3)\" width=\"240\" height=\"365\" srcset=\"https:\/\/buterhus.nl\/wordpress\/wp-content\/uploads\/2016\/02\/2.-water-3-673x1024.jpg 673w, https:\/\/buterhus.nl\/wordpress\/wp-content\/uploads\/2016\/02\/2.-water-3-197x300.jpg 197w, https:\/\/buterhus.nl\/wordpress\/wp-content\/uploads\/2016\/02\/2.-water-3-768x1169.jpg 768w, https:\/\/buterhus.nl\/wordpress\/wp-content\/uploads\/2016\/02\/2.-water-3-100x152.jpg 100w, https:\/\/buterhus.nl\/wordpress\/wp-content\/uploads\/2016\/02\/2.-water-3-881x1341.jpg 881w, https:\/\/buterhus.nl\/wordpress\/wp-content\/uploads\/2016\/02\/2.-water-3-1200x1827.jpg 1200w\" sizes=\"auto, (max-width: 240px) 100vw, 240px\" \/><\/p>","protected":false},"excerpt":{"rendered":"<p>Das Apartment ist ausgestattet mit einer komplett eingerichteten K\u00fcche (f\u00fcr 2 Personen) mit K\u00fchlschrank, Induktionsherd, Mikrowelle, Wasserkocher und Kaffeemaschine, Hocker und ein eigenes Badezimmer mit Dusche, Waschbecken und Toilette. Im Schlafbereich sorgt ein Auping-Doppelbett (1,80m x 2,10m) f\u00fcr Schlafkomfort auf h\u00f6chstem Niveau. Das Apartment ist mit H\u00f6rnern ausgestattet. Das Zimmer ist 30 qm gro\u00df. Zu mieten:\u00a0minimum zwei N\u00e4chte reservieren &gt; &#8230; <\/p>\n<div><a href=\"https:\/\/buterhus.nl\/de\/water\/\" class=\"more-link\">Read More<\/a><\/div>\n","protected":false},"author":1,"featured_media":0,"parent":0,"menu_order":0,"comment_status":"closed","ping_status":"closed","template":"","meta":{"footnotes":""},"class_list":["post-23","page","type-page","status-publish","hentry","no-post-thumbnail"],"yoast_head":"<!-- This site is optimized with the Yoast SEO plugin v23.8 - https:\/\/yoast.com\/wordpress\/plugins\/seo\/ -->\n<title>Das tussenkamer apartment - WATER - Buterh\u00fbs<\/title>\n<meta name=\"robots\" content=\"index, follow, max-snippet:-1, max-image-preview:large, max-video-preview:-1\" \/>\n<link rel=\"canonical\" href=\"https:\/\/buterhus.nl\/water\/\" \/>\n<meta property=\"og:locale\" content=\"de_DE\" \/>\n<meta property=\"og:type\" content=\"article\" \/>\n<meta property=\"og:title\" content=\"Das tussenkamer apartment - WATER - Buterh\u00fbs\" \/>\n<meta property=\"og:description\" content=\"Das Apartment ist ausgestattet mit einer komplett eingerichteten K\u00fcche (f\u00fcr 2 Personen) mit K\u00fchlschrank, Induktionsherd, Mikrowelle, Wasserkocher und Kaffeemaschine, Hocker und ein eigenes Badezimmer mit Dusche, Waschbecken und Toilette. Im Schlafbereich sorgt ein Auping-Doppelbett (1,80m x 2,10m) f\u00fcr Schlafkomfort auf h\u00f6chstem Niveau. Das Apartment ist mit H\u00f6rnern ausgestattet. Das Zimmer ist 30 qm gro\u00df. Zu mieten:\u00a0minimum zwei N\u00e4chte reservieren &gt; ... Read More\" \/>\n<meta property=\"og:url\" content=\"https:\/\/buterhus.nl\/water\/\" \/>\n<meta property=\"og:site_name\" content=\"Buterh\u00fbs\" \/>\n<meta property=\"article:modified_time\" content=\"2023-12-22T17:00:28+00:00\" \/>\n<meta property=\"og:image\" content=\"http:\/\/buterhus.nl\/wordpress\/wp-content\/uploads\/2016\/02\/2.-water-9-1024x683.jpg\" \/>\n<meta name=\"twitter:card\" content=\"summary_large_image\" \/>\n<meta name=\"twitter:label1\" content=\"Gesch\u00e4tzte Lesezeit\" \/>\n\t<meta name=\"twitter:data1\" content=\"4\u00a0Minuten\" \/>\n<script type=\"application\/ld+json\" class=\"yoast-schema-graph\">{\"@context\":\"https:\/\/schema.org\",\"@graph\":[{\"@type\":\"WebPage\",\"@id\":\"https:\/\/buterhus.nl\/water\/\",\"url\":\"https:\/\/buterhus.nl\/water\/\",\"name\":\"Das tussenkamer apartment - WATER - Buterh\u00fbs\",\"isPartOf\":{\"@id\":\"https:\/\/buterhus.nl\/#website\"},\"primaryImageOfPage\":{\"@id\":\"https:\/\/buterhus.nl\/water\/#primaryimage\"},\"image\":{\"@id\":\"https:\/\/buterhus.nl\/water\/#primaryimage\"},\"thumbnailUrl\":\"http:\/\/buterhus.nl\/wordpress\/wp-content\/uploads\/2016\/02\/2.-water-9-1024x683.jpg\",\"datePublished\":\"2016-02-18T21:44:59+00:00\",\"dateModified\":\"2023-12-22T17:00:28+00:00\",\"breadcrumb\":{\"@id\":\"https:\/\/buterhus.nl\/water\/#breadcrumb\"},\"inLanguage\":\"de\",\"potentialAction\":[{\"@type\":\"ReadAction\",\"target\":[\"https:\/\/buterhus.nl\/water\/\"]}]},{\"@type\":\"ImageObject\",\"inLanguage\":\"de\",\"@id\":\"https:\/\/buterhus.nl\/water\/#primaryimage\",\"url\":\"http:\/\/buterhus.nl\/wordpress\/wp-content\/uploads\/2016\/02\/2.-water-9-1024x683.jpg\",\"contentUrl\":\"http:\/\/buterhus.nl\/wordpress\/wp-content\/uploads\/2016\/02\/2.-water-9-1024x683.jpg\"},{\"@type\":\"BreadcrumbList\",\"@id\":\"https:\/\/buterhus.nl\/water\/#breadcrumb\",\"itemListElement\":[{\"@type\":\"ListItem\",\"position\":1,\"name\":\"Home\",\"item\":\"https:\/\/buterhus.nl\/\"},{\"@type\":\"ListItem\",\"position\":2,\"name\":\"Het tussenkamer appartement &#8211; WATER\"}]},{\"@type\":\"WebSite\",\"@id\":\"https:\/\/buterhus.nl\/#website\",\"url\":\"https:\/\/buterhus.nl\/\",\"name\":\"Buterh\u00fbs\",\"description\":\"\",\"publisher\":{\"@id\":\"https:\/\/buterhus.nl\/#organization\"},\"potentialAction\":[{\"@type\":\"SearchAction\",\"target\":{\"@type\":\"EntryPoint\",\"urlTemplate\":\"https:\/\/buterhus.nl\/?s={search_term_string}\"},\"query-input\":{\"@type\":\"PropertyValueSpecification\",\"valueRequired\":true,\"valueName\":\"search_term_string\"}}],\"inLanguage\":\"de\"},{\"@type\":\"Organization\",\"@id\":\"https:\/\/buterhus.nl\/#organization\",\"name\":\"It B\u00fbterh\u00fbs\",\"url\":\"https:\/\/buterhus.nl\/\",\"logo\":{\"@type\":\"ImageObject\",\"inLanguage\":\"de\",\"@id\":\"https:\/\/buterhus.nl\/#\/schema\/logo\/image\/\",\"url\":\"https:\/\/buterhus.nl\/wordpress\/wp-content\/uploads\/2016\/02\/logo-buterhus.jpg\",\"contentUrl\":\"https:\/\/buterhus.nl\/wordpress\/wp-content\/uploads\/2016\/02\/logo-buterhus.jpg\",\"width\":400,\"height\":137,\"caption\":\"It B\u00fbterh\u00fbs\"},\"image\":{\"@id\":\"https:\/\/buterhus.nl\/#\/schema\/logo\/image\/\"}}]}<\/script>\n<!-- \/ Yoast SEO plugin. -->","yoast_head_json":{"title":"Das tussenkamer apartment - WATER - Buterh\u00fbs","robots":{"index":"index","follow":"follow","max-snippet":"max-snippet:-1","max-image-preview":"max-image-preview:large","max-video-preview":"max-video-preview:-1"},"canonical":"https:\/\/buterhus.nl\/water\/","og_locale":"de_DE","og_type":"article","og_title":"Das tussenkamer apartment - WATER - Buterh\u00fbs","og_description":"Das Apartment ist ausgestattet mit einer komplett eingerichteten K\u00fcche (f\u00fcr 2 Personen) mit K\u00fchlschrank, Induktionsherd, Mikrowelle, Wasserkocher und Kaffeemaschine, Hocker und ein eigenes Badezimmer mit Dusche, Waschbecken und Toilette. Im Schlafbereich sorgt ein Auping-Doppelbett (1,80m x 2,10m) f\u00fcr Schlafkomfort auf h\u00f6chstem Niveau. Das Apartment ist mit H\u00f6rnern ausgestattet. Das Zimmer ist 30 qm gro\u00df. Zu mieten:\u00a0minimum zwei N\u00e4chte reservieren &gt; ... Read More","og_url":"https:\/\/buterhus.nl\/water\/","og_site_name":"Buterh\u00fbs","article_modified_time":"2023-12-22T17:00:28+00:00","og_image":[{"url":"http:\/\/buterhus.nl\/wordpress\/wp-content\/uploads\/2016\/02\/2.-water-9-1024x683.jpg"}],"twitter_card":"summary_large_image","twitter_misc":{"Gesch\u00e4tzte Lesezeit":"4\u00a0Minuten"},"schema":{"@context":"https:\/\/schema.org","@graph":[{"@type":"WebPage","@id":"https:\/\/buterhus.nl\/water\/","url":"https:\/\/buterhus.nl\/water\/","name":"Das tussenkamer apartment - WATER - Buterh\u00fbs","isPartOf":{"@id":"https:\/\/buterhus.nl\/#website"},"primaryImageOfPage":{"@id":"https:\/\/buterhus.nl\/water\/#primaryimage"},"image":{"@id":"https:\/\/buterhus.nl\/water\/#primaryimage"},"thumbnailUrl":"http:\/\/buterhus.nl\/wordpress\/wp-content\/uploads\/2016\/02\/2.-water-9-1024x683.jpg","datePublished":"2016-02-18T21:44:59+00:00","dateModified":"2023-12-22T17:00:28+00:00","breadcrumb":{"@id":"https:\/\/buterhus.nl\/water\/#breadcrumb"},"inLanguage":"de","potentialAction":[{"@type":"ReadAction","target":["https:\/\/buterhus.nl\/water\/"]}]},{"@type":"ImageObject","inLanguage":"de","@id":"https:\/\/buterhus.nl\/water\/#primaryimage","url":"http:\/\/buterhus.nl\/wordpress\/wp-content\/uploads\/2016\/02\/2.-water-9-1024x683.jpg","contentUrl":"http:\/\/buterhus.nl\/wordpress\/wp-content\/uploads\/2016\/02\/2.-water-9-1024x683.jpg"},{"@type":"BreadcrumbList","@id":"https:\/\/buterhus.nl\/water\/#breadcrumb","itemListElement":[{"@type":"ListItem","position":1,"name":"Home","item":"https:\/\/buterhus.nl\/"},{"@type":"ListItem","position":2,"name":"Het tussenkamer appartement &#8211; WATER"}]},{"@type":"WebSite","@id":"https:\/\/buterhus.nl\/#website","url":"https:\/\/buterhus.nl\/","name":"Buterh\u00fbs","description":"","publisher":{"@id":"https:\/\/buterhus.nl\/#organization"},"potentialAction":[{"@type":"SearchAction","target":{"@type":"EntryPoint","urlTemplate":"https:\/\/buterhus.nl\/?s={search_term_string}"},"query-input":{"@type":"PropertyValueSpecification","valueRequired":true,"valueName":"search_term_string"}}],"inLanguage":"de"},{"@type":"Organization","@id":"https:\/\/buterhus.nl\/#organization","name":"It B\u00fbterh\u00fbs","url":"https:\/\/buterhus.nl\/","logo":{"@type":"ImageObject","inLanguage":"de","@id":"https:\/\/buterhus.nl\/#\/schema\/logo\/image\/","url":"https:\/\/buterhus.nl\/wordpress\/wp-content\/uploads\/2016\/02\/logo-buterhus.jpg","contentUrl":"https:\/\/buterhus.nl\/wordpress\/wp-content\/uploads\/2016\/02\/logo-buterhus.jpg","width":400,"height":137,"caption":"It B\u00fbterh\u00fbs"},"image":{"@id":"https:\/\/buterhus.nl\/#\/schema\/logo\/image\/"}}]}},"_links":{"self":[{"href":"https:\/\/buterhus.nl\/de\/wp-json\/wp\/v2\/pages\/23","targetHints":{"allow":["GET"]}}],"collection":[{"href":"https:\/\/buterhus.nl\/de\/wp-json\/wp\/v2\/pages"}],"about":[{"href":"https:\/\/buterhus.nl\/de\/wp-json\/wp\/v2\/types\/page"}],"author":[{"embeddable":true,"href":"https:\/\/buterhus.nl\/de\/wp-json\/wp\/v2\/users\/1"}],"replies":[{"embeddable":true,"href":"https:\/\/buterhus.nl\/de\/wp-json\/wp\/v2\/comments?post=23"}],"version-history":[{"count":36,"href":"https:\/\/buterhus.nl\/de\/wp-json\/wp\/v2\/pages\/23\/revisions"}],"predecessor-version":[{"id":2049,"href":"https:\/\/buterhus.nl\/de\/wp-json\/wp\/v2\/pages\/23\/revisions\/2049"}],"wp:attachment":[{"href":"https:\/\/buterhus.nl\/de\/wp-json\/wp\/v2\/media?parent=23"}],"curies":[{"name":"wp","href":"https:\/\/api.w.org\/{rel}","templated":true}]}}