{"id":21,"date":"2016-02-18T22:44:45","date_gmt":"2016-02-18T21:44:45","guid":{"rendered":"http:\/\/buterhus.nl\/wordpress\/?page_id=21"},"modified":"2022-09-26T19:24:45","modified_gmt":"2022-09-26T17:24:45","slug":"zon","status":"publish","type":"page","link":"https:\/\/buterhus.nl\/de\/zon\/","title":{"rendered":"Das opkamer apartment &#8211; ZON"},"content":{"rendered":"<p style=\"line-height: 16.6pt;margin: 0cm 0cm 15.75pt 0cm\"><img loading=\"lazy\" decoding=\"async\" class=\"alignnone size-large wp-image-498\" src=\"http:\/\/buterhus.nl\/wordpress\/wp-content\/uploads\/2016\/02\/1.-zon-2-1024x683.jpg\" alt=\"1. zon (2)\" width=\"761\" height=\"508\" srcset=\"https:\/\/buterhus.nl\/wordpress\/wp-content\/uploads\/2016\/02\/1.-zon-2-1024x683.jpg 1024w, https:\/\/buterhus.nl\/wordpress\/wp-content\/uploads\/2016\/02\/1.-zon-2-300x200.jpg 300w, https:\/\/buterhus.nl\/wordpress\/wp-content\/uploads\/2016\/02\/1.-zon-2-768x512.jpg 768w, https:\/\/buterhus.nl\/wordpress\/wp-content\/uploads\/2016\/02\/1.-zon-2-100x67.jpg 100w, https:\/\/buterhus.nl\/wordpress\/wp-content\/uploads\/2016\/02\/1.-zon-2-881x587.jpg 881w, https:\/\/buterhus.nl\/wordpress\/wp-content\/uploads\/2016\/02\/1.-zon-2-1200x800.jpg 1200w\" sizes=\"auto, (max-width: 761px) 100vw, 761px\" \/><\/p>\n<p style=\"line-height: 16.6pt;margin: 0cm 0cm 15.75pt 0cm\"><span lang=\"DE\" style=\"font-size: 10.0pt;color: #777777\">Das Apartment befindet sich in der urspr\u00fcnglichen &#8222;guten Stube&#8220;, dem oberen Zimmer des \u2019t B\u00fbterh\u00fbs, das nur sonntags genutzt wurde oder wenn man Besuch empfing. Die originale Zimmerdecke mit sch\u00f6nem Holzschnitzwerk ist noch erhalten. Ein besonderes Erlebnis ist das Bett (1,40m x 2m) aus Mahagoniholz mit pr\u00e4chtigem Holzschnitzwerk aus dem Jahr 1900. Das 1-Zimmer-Apartment hat eine kleine K\u00fcche und eigenes Bad mit Dusche, Waschbecken und Toilette. Auf der Dachterrasse k\u00f6nnen Sie die frische Luft genie\u00dfen. Das Apartment ist mit H\u00f6rnern ausgestattet.<\/span><\/p>\n<p style=\"margin: 0cm;margin-bottom: .0001pt;line-height: 16.6pt\"><span lang=\"DE\" style=\"font-size: 10.0pt;color: #777777\">Ausstattung: Fernseher, K\u00fchlscharnk, Kaffeemaschine, Wasserkocher, Mikrowelle, Schrank, Hocker. <\/span><\/p>\n<p style=\"margin: 0cm;margin-bottom: .0001pt;line-height: 16.6pt\"><span lang=\"DE\" style=\"font-size: 10.0pt;color: #777777\">Das Zimmer ist 25 qm gro\u00df. <\/span><\/p>\n<p style=\"margin: 0cm;margin-bottom: .0001pt;line-height: 16.6pt\"><span lang=\"DE\" style=\"font-size: 10.0pt;color: #777777\">Zu mieten pro Nacht.<\/span><\/p>\n<p><a href=\"http:\/\/buterhus.nl\/de\/reserveren\/\">reservieren &gt;<\/a><\/p>\n<p style=\"margin: 0cm;margin-bottom: .0001pt;line-height: 16.6pt\"><img loading=\"lazy\" decoding=\"async\" class=\"alignnone wp-image-500\" src=\"http:\/\/buterhus.nl\/wordpress\/wp-content\/uploads\/2016\/02\/1.-zon-5-683x1024.jpg\" alt=\"1. zon (5)\" width=\"239\" height=\"358\" srcset=\"https:\/\/buterhus.nl\/wordpress\/wp-content\/uploads\/2016\/02\/1.-zon-5-683x1024.jpg 683w, https:\/\/buterhus.nl\/wordpress\/wp-content\/uploads\/2016\/02\/1.-zon-5-200x300.jpg 200w, https:\/\/buterhus.nl\/wordpress\/wp-content\/uploads\/2016\/02\/1.-zon-5-768x1152.jpg 768w, https:\/\/buterhus.nl\/wordpress\/wp-content\/uploads\/2016\/02\/1.-zon-5-100x150.jpg 100w, https:\/\/buterhus.nl\/wordpress\/wp-content\/uploads\/2016\/02\/1.-zon-5-881x1322.jpg 881w, https:\/\/buterhus.nl\/wordpress\/wp-content\/uploads\/2016\/02\/1.-zon-5-1200x1800.jpg 1200w\" sizes=\"auto, (max-width: 239px) 100vw, 239px\" \/>\u00a0 <img loading=\"lazy\" decoding=\"async\" class=\"alignnone wp-image-497\" src=\"http:\/\/buterhus.nl\/wordpress\/wp-content\/uploads\/2016\/02\/1.-zon-1-683x1024.jpg\" alt=\"1. zon (1)\" width=\"240\" height=\"360\" srcset=\"https:\/\/buterhus.nl\/wordpress\/wp-content\/uploads\/2016\/02\/1.-zon-1-683x1024.jpg 683w, https:\/\/buterhus.nl\/wordpress\/wp-content\/uploads\/2016\/02\/1.-zon-1-200x300.jpg 200w, https:\/\/buterhus.nl\/wordpress\/wp-content\/uploads\/2016\/02\/1.-zon-1-768x1152.jpg 768w, https:\/\/buterhus.nl\/wordpress\/wp-content\/uploads\/2016\/02\/1.-zon-1-100x150.jpg 100w, https:\/\/buterhus.nl\/wordpress\/wp-content\/uploads\/2016\/02\/1.-zon-1-881x1322.jpg 881w, https:\/\/buterhus.nl\/wordpress\/wp-content\/uploads\/2016\/02\/1.-zon-1-1200x1800.jpg 1200w\" sizes=\"auto, (max-width: 240px) 100vw, 240px\" \/>\u00a0 <img loading=\"lazy\" decoding=\"async\" class=\"alignnone wp-image-501\" src=\"http:\/\/buterhus.nl\/wordpress\/wp-content\/uploads\/2016\/02\/1.-zon-6-683x1024.jpg\" alt=\"1. zon (6)\" width=\"240\" height=\"360\" srcset=\"https:\/\/buterhus.nl\/wordpress\/wp-content\/uploads\/2016\/02\/1.-zon-6-683x1024.jpg 683w, https:\/\/buterhus.nl\/wordpress\/wp-content\/uploads\/2016\/02\/1.-zon-6-200x300.jpg 200w, https:\/\/buterhus.nl\/wordpress\/wp-content\/uploads\/2016\/02\/1.-zon-6-768x1152.jpg 768w, https:\/\/buterhus.nl\/wordpress\/wp-content\/uploads\/2016\/02\/1.-zon-6-100x150.jpg 100w, https:\/\/buterhus.nl\/wordpress\/wp-content\/uploads\/2016\/02\/1.-zon-6-881x1322.jpg 881w, https:\/\/buterhus.nl\/wordpress\/wp-content\/uploads\/2016\/02\/1.-zon-6-1200x1800.jpg 1200w\" sizes=\"auto, (max-width: 240px) 100vw, 240px\" \/><img loading=\"lazy\" decoding=\"async\" class=\"alignnone wp-image-499\" src=\"http:\/\/buterhus.nl\/wordpress\/wp-content\/uploads\/2016\/02\/1.-zon-4-1024x683.jpg\" alt=\"1. zon (4)\" width=\"735\" height=\"490\" srcset=\"https:\/\/buterhus.nl\/wordpress\/wp-content\/uploads\/2016\/02\/1.-zon-4-1024x683.jpg 1024w, https:\/\/buterhus.nl\/wordpress\/wp-content\/uploads\/2016\/02\/1.-zon-4-300x200.jpg 300w, https:\/\/buterhus.nl\/wordpress\/wp-content\/uploads\/2016\/02\/1.-zon-4-768x512.jpg 768w, https:\/\/buterhus.nl\/wordpress\/wp-content\/uploads\/2016\/02\/1.-zon-4-100x67.jpg 100w, https:\/\/buterhus.nl\/wordpress\/wp-content\/uploads\/2016\/02\/1.-zon-4-881x587.jpg 881w, https:\/\/buterhus.nl\/wordpress\/wp-content\/uploads\/2016\/02\/1.-zon-4-1200x800.jpg 1200w\" sizes=\"auto, (max-width: 735px) 100vw, 735px\" \/><\/p>","protected":false},"excerpt":{"rendered":"<p>Das Apartment befindet sich in der urspr\u00fcnglichen &#8222;guten Stube&#8220;, dem oberen Zimmer des \u2019t B\u00fbterh\u00fbs, das nur sonntags genutzt wurde oder wenn man Besuch empfing. Die originale Zimmerdecke mit sch\u00f6nem Holzschnitzwerk ist noch erhalten. Ein besonderes Erlebnis ist das Bett (1,40m x 2m) aus Mahagoniholz mit pr\u00e4chtigem Holzschnitzwerk aus dem Jahr 1900. Das 1-Zimmer-Apartment hat eine kleine K\u00fcche und eigenes &#8230; <\/p>\n<div><a href=\"https:\/\/buterhus.nl\/de\/zon\/\" class=\"more-link\">Read More<\/a><\/div>\n","protected":false},"author":1,"featured_media":0,"parent":0,"menu_order":0,"comment_status":"closed","ping_status":"closed","template":"","meta":{"footnotes":""},"class_list":["post-21","page","type-page","status-publish","hentry","no-post-thumbnail"],"yoast_head":"<!-- This site is optimized with the Yoast SEO plugin v23.8 - https:\/\/yoast.com\/wordpress\/plugins\/seo\/ -->\n<title>Das opkamer apartment - ZON - Buterh\u00fbs<\/title>\n<meta name=\"robots\" content=\"index, follow, max-snippet:-1, max-image-preview:large, max-video-preview:-1\" \/>\n<link rel=\"canonical\" href=\"https:\/\/buterhus.nl\/zon\/\" \/>\n<meta property=\"og:locale\" content=\"de_DE\" \/>\n<meta property=\"og:type\" content=\"article\" \/>\n<meta property=\"og:title\" content=\"Das opkamer apartment - ZON - Buterh\u00fbs\" \/>\n<meta property=\"og:description\" content=\"Das Apartment befindet sich in der urspr\u00fcnglichen &#8222;guten Stube&#8220;, dem oberen Zimmer des \u2019t B\u00fbterh\u00fbs, das nur sonntags genutzt wurde oder wenn man Besuch empfing. Die originale Zimmerdecke mit sch\u00f6nem Holzschnitzwerk ist noch erhalten. Ein besonderes Erlebnis ist das Bett (1,40m x 2m) aus Mahagoniholz mit pr\u00e4chtigem Holzschnitzwerk aus dem Jahr 1900. Das 1-Zimmer-Apartment hat eine kleine K\u00fcche und eigenes ... Read More\" \/>\n<meta property=\"og:url\" content=\"https:\/\/buterhus.nl\/zon\/\" \/>\n<meta property=\"og:site_name\" content=\"Buterh\u00fbs\" \/>\n<meta property=\"article:modified_time\" content=\"2022-09-26T17:24:45+00:00\" \/>\n<meta property=\"og:image\" content=\"http:\/\/buterhus.nl\/wordpress\/wp-content\/uploads\/2016\/02\/1.-zon-2-1024x683.jpg\" \/>\n<meta name=\"twitter:card\" content=\"summary_large_image\" \/>\n<meta name=\"twitter:label1\" content=\"Gesch\u00e4tzte Lesezeit\" \/>\n\t<meta name=\"twitter:data1\" content=\"5\u00a0Minuten\" \/>\n<script type=\"application\/ld+json\" class=\"yoast-schema-graph\">{\"@context\":\"https:\/\/schema.org\",\"@graph\":[{\"@type\":\"WebPage\",\"@id\":\"https:\/\/buterhus.nl\/zon\/\",\"url\":\"https:\/\/buterhus.nl\/zon\/\",\"name\":\"Das opkamer apartment - ZON - Buterh\u00fbs\",\"isPartOf\":{\"@id\":\"https:\/\/buterhus.nl\/#website\"},\"primaryImageOfPage\":{\"@id\":\"https:\/\/buterhus.nl\/zon\/#primaryimage\"},\"image\":{\"@id\":\"https:\/\/buterhus.nl\/zon\/#primaryimage\"},\"thumbnailUrl\":\"http:\/\/buterhus.nl\/wordpress\/wp-content\/uploads\/2016\/02\/1.-zon-2-1024x683.jpg\",\"datePublished\":\"2016-02-18T21:44:45+00:00\",\"dateModified\":\"2022-09-26T17:24:45+00:00\",\"breadcrumb\":{\"@id\":\"https:\/\/buterhus.nl\/zon\/#breadcrumb\"},\"inLanguage\":\"de\",\"potentialAction\":[{\"@type\":\"ReadAction\",\"target\":[\"https:\/\/buterhus.nl\/zon\/\"]}]},{\"@type\":\"ImageObject\",\"inLanguage\":\"de\",\"@id\":\"https:\/\/buterhus.nl\/zon\/#primaryimage\",\"url\":\"http:\/\/buterhus.nl\/wordpress\/wp-content\/uploads\/2016\/02\/1.-zon-2-1024x683.jpg\",\"contentUrl\":\"http:\/\/buterhus.nl\/wordpress\/wp-content\/uploads\/2016\/02\/1.-zon-2-1024x683.jpg\"},{\"@type\":\"BreadcrumbList\",\"@id\":\"https:\/\/buterhus.nl\/zon\/#breadcrumb\",\"itemListElement\":[{\"@type\":\"ListItem\",\"position\":1,\"name\":\"Home\",\"item\":\"https:\/\/buterhus.nl\/\"},{\"@type\":\"ListItem\",\"position\":2,\"name\":\"Het opkamer appartement &#8211; ZON\"}]},{\"@type\":\"WebSite\",\"@id\":\"https:\/\/buterhus.nl\/#website\",\"url\":\"https:\/\/buterhus.nl\/\",\"name\":\"Buterh\u00fbs\",\"description\":\"\",\"publisher\":{\"@id\":\"https:\/\/buterhus.nl\/#organization\"},\"potentialAction\":[{\"@type\":\"SearchAction\",\"target\":{\"@type\":\"EntryPoint\",\"urlTemplate\":\"https:\/\/buterhus.nl\/?s={search_term_string}\"},\"query-input\":{\"@type\":\"PropertyValueSpecification\",\"valueRequired\":true,\"valueName\":\"search_term_string\"}}],\"inLanguage\":\"de\"},{\"@type\":\"Organization\",\"@id\":\"https:\/\/buterhus.nl\/#organization\",\"name\":\"It B\u00fbterh\u00fbs\",\"url\":\"https:\/\/buterhus.nl\/\",\"logo\":{\"@type\":\"ImageObject\",\"inLanguage\":\"de\",\"@id\":\"https:\/\/buterhus.nl\/#\/schema\/logo\/image\/\",\"url\":\"https:\/\/buterhus.nl\/wordpress\/wp-content\/uploads\/2016\/02\/logo-buterhus.jpg\",\"contentUrl\":\"https:\/\/buterhus.nl\/wordpress\/wp-content\/uploads\/2016\/02\/logo-buterhus.jpg\",\"width\":400,\"height\":137,\"caption\":\"It B\u00fbterh\u00fbs\"},\"image\":{\"@id\":\"https:\/\/buterhus.nl\/#\/schema\/logo\/image\/\"}}]}<\/script>\n<!-- \/ Yoast SEO plugin. -->","yoast_head_json":{"title":"Das opkamer apartment - ZON - Buterh\u00fbs","robots":{"index":"index","follow":"follow","max-snippet":"max-snippet:-1","max-image-preview":"max-image-preview:large","max-video-preview":"max-video-preview:-1"},"canonical":"https:\/\/buterhus.nl\/zon\/","og_locale":"de_DE","og_type":"article","og_title":"Das opkamer apartment - ZON - Buterh\u00fbs","og_description":"Das Apartment befindet sich in der urspr\u00fcnglichen &#8222;guten Stube&#8220;, dem oberen Zimmer des \u2019t B\u00fbterh\u00fbs, das nur sonntags genutzt wurde oder wenn man Besuch empfing. Die originale Zimmerdecke mit sch\u00f6nem Holzschnitzwerk ist noch erhalten. Ein besonderes Erlebnis ist das Bett (1,40m x 2m) aus Mahagoniholz mit pr\u00e4chtigem Holzschnitzwerk aus dem Jahr 1900. Das 1-Zimmer-Apartment hat eine kleine K\u00fcche und eigenes ... Read More","og_url":"https:\/\/buterhus.nl\/zon\/","og_site_name":"Buterh\u00fbs","article_modified_time":"2022-09-26T17:24:45+00:00","og_image":[{"url":"http:\/\/buterhus.nl\/wordpress\/wp-content\/uploads\/2016\/02\/1.-zon-2-1024x683.jpg"}],"twitter_card":"summary_large_image","twitter_misc":{"Gesch\u00e4tzte Lesezeit":"5\u00a0Minuten"},"schema":{"@context":"https:\/\/schema.org","@graph":[{"@type":"WebPage","@id":"https:\/\/buterhus.nl\/zon\/","url":"https:\/\/buterhus.nl\/zon\/","name":"Das opkamer apartment - ZON - Buterh\u00fbs","isPartOf":{"@id":"https:\/\/buterhus.nl\/#website"},"primaryImageOfPage":{"@id":"https:\/\/buterhus.nl\/zon\/#primaryimage"},"image":{"@id":"https:\/\/buterhus.nl\/zon\/#primaryimage"},"thumbnailUrl":"http:\/\/buterhus.nl\/wordpress\/wp-content\/uploads\/2016\/02\/1.-zon-2-1024x683.jpg","datePublished":"2016-02-18T21:44:45+00:00","dateModified":"2022-09-26T17:24:45+00:00","breadcrumb":{"@id":"https:\/\/buterhus.nl\/zon\/#breadcrumb"},"inLanguage":"de","potentialAction":[{"@type":"ReadAction","target":["https:\/\/buterhus.nl\/zon\/"]}]},{"@type":"ImageObject","inLanguage":"de","@id":"https:\/\/buterhus.nl\/zon\/#primaryimage","url":"http:\/\/buterhus.nl\/wordpress\/wp-content\/uploads\/2016\/02\/1.-zon-2-1024x683.jpg","contentUrl":"http:\/\/buterhus.nl\/wordpress\/wp-content\/uploads\/2016\/02\/1.-zon-2-1024x683.jpg"},{"@type":"BreadcrumbList","@id":"https:\/\/buterhus.nl\/zon\/#breadcrumb","itemListElement":[{"@type":"ListItem","position":1,"name":"Home","item":"https:\/\/buterhus.nl\/"},{"@type":"ListItem","position":2,"name":"Het opkamer appartement &#8211; ZON"}]},{"@type":"WebSite","@id":"https:\/\/buterhus.nl\/#website","url":"https:\/\/buterhus.nl\/","name":"Buterh\u00fbs","description":"","publisher":{"@id":"https:\/\/buterhus.nl\/#organization"},"potentialAction":[{"@type":"SearchAction","target":{"@type":"EntryPoint","urlTemplate":"https:\/\/buterhus.nl\/?s={search_term_string}"},"query-input":{"@type":"PropertyValueSpecification","valueRequired":true,"valueName":"search_term_string"}}],"inLanguage":"de"},{"@type":"Organization","@id":"https:\/\/buterhus.nl\/#organization","name":"It B\u00fbterh\u00fbs","url":"https:\/\/buterhus.nl\/","logo":{"@type":"ImageObject","inLanguage":"de","@id":"https:\/\/buterhus.nl\/#\/schema\/logo\/image\/","url":"https:\/\/buterhus.nl\/wordpress\/wp-content\/uploads\/2016\/02\/logo-buterhus.jpg","contentUrl":"https:\/\/buterhus.nl\/wordpress\/wp-content\/uploads\/2016\/02\/logo-buterhus.jpg","width":400,"height":137,"caption":"It B\u00fbterh\u00fbs"},"image":{"@id":"https:\/\/buterhus.nl\/#\/schema\/logo\/image\/"}}]}},"_links":{"self":[{"href":"https:\/\/buterhus.nl\/de\/wp-json\/wp\/v2\/pages\/21","targetHints":{"allow":["GET"]}}],"collection":[{"href":"https:\/\/buterhus.nl\/de\/wp-json\/wp\/v2\/pages"}],"about":[{"href":"https:\/\/buterhus.nl\/de\/wp-json\/wp\/v2\/types\/page"}],"author":[{"embeddable":true,"href":"https:\/\/buterhus.nl\/de\/wp-json\/wp\/v2\/users\/1"}],"replies":[{"embeddable":true,"href":"https:\/\/buterhus.nl\/de\/wp-json\/wp\/v2\/comments?post=21"}],"version-history":[{"count":69,"href":"https:\/\/buterhus.nl\/de\/wp-json\/wp\/v2\/pages\/21\/revisions"}],"predecessor-version":[{"id":1697,"href":"https:\/\/buterhus.nl\/de\/wp-json\/wp\/v2\/pages\/21\/revisions\/1697"}],"wp:attachment":[{"href":"https:\/\/buterhus.nl\/de\/wp-json\/wp\/v2\/media?parent=21"}],"curies":[{"name":"wp","href":"https:\/\/api.w.org\/{rel}","templated":true}]}}